{"id":9505,"date":"2021-01-12T17:37:25","date_gmt":"2021-01-12T16:37:25","guid":{"rendered":"https:\/\/aqua-by.com\/?page_id=9505"},"modified":"2023-01-09T10:53:47","modified_gmt":"2023-01-09T09:53:47","slug":"ulrik","status":"publish","type":"page","link":"https:\/\/aqua-by.com\/en\/your-coaches\/ulrik\/","title":{"rendered":"Ulrik"},"content":{"rendered":"<div data-elementor-type=\"wp-page\" data-elementor-id=\"9505\" class=\"elementor elementor-9505\" data-elementor-post-type=\"page\">\n\t\t\t\t\t\t<section class=\"elementor-section elementor-top-section elementor-element elementor-element-e100c4d prenom-coach elementor-section-boxed elementor-section-height-default elementor-section-height-default\" data-id=\"e100c4d\" data-element_type=\"section\" data-e-type=\"section\">\n\t\t\t\t\t\t<div class=\"elementor-container elementor-column-gap-wider\">\n\t\t\t\t\t<div class=\"elementor-column elementor-col-33 elementor-top-column elementor-element elementor-element-2a472c29\" data-id=\"2a472c29\" data-element_type=\"column\" data-e-type=\"column\">\n\t\t\t<div class=\"elementor-widget-wrap elementor-element-populated\">\n\t\t\t\t\t\t<div class=\"elementor-element elementor-element-3e8ccfbd elementor-widget elementor-widget-image\" data-id=\"3e8ccfbd\" data-element_type=\"widget\" data-e-type=\"widget\" data-widget_type=\"image.default\">\n\t\t\t\t<div class=\"elementor-widget-container\">\n\t\t\t\t\t\t\t\t\t\t\t\t\t\t\t<img fetchpriority=\"high\" decoding=\"async\" width=\"476\" height=\"581\" src=\"https:\/\/aqua-by.com\/wp-content\/uploads\/2021\/06\/ulrik.jpg\" class=\"attachment-large size-large wp-image-13665\" alt=\"\" srcset=\"https:\/\/aqua-by.com\/wp-content\/uploads\/2021\/06\/ulrik.jpg 476w, https:\/\/aqua-by.com\/wp-content\/uploads\/2021\/06\/ulrik-246x300.jpg 246w\" sizes=\"(max-width: 476px) 100vw, 476px\" \/>\t\t\t\t\t\t\t\t\t\t\t\t\t\t\t<\/div>\n\t\t\t\t<\/div>\n\t\t\t\t\t<\/div>\n\t\t<\/div>\n\t\t\t\t<div class=\"elementor-column elementor-col-66 elementor-top-column elementor-element elementor-element-4fc2b2eb\" data-id=\"4fc2b2eb\" data-element_type=\"column\" data-e-type=\"column\">\n\t\t\t<div class=\"elementor-widget-wrap elementor-element-populated\">\n\t\t\t\t\t\t<div class=\"elementor-element elementor-element-a96a7ff elementor-widget__width-auto etiquette-noire elementor-widget elementor-widget-heading\" data-id=\"a96a7ff\" data-element_type=\"widget\" data-e-type=\"widget\" data-widget_type=\"heading.default\">\n\t\t\t\t<div class=\"elementor-widget-container\">\n\t\t\t\t\t<h1 class=\"elementor-heading-title elementor-size-default\">Ulrik<\/h1>\t\t\t\t<\/div>\n\t\t\t\t<\/div>\n\t\t\t\t<div class=\"elementor-element elementor-element-40d200e1 elementor-widget elementor-widget-text-editor\" data-id=\"40d200e1\" data-element_type=\"widget\" data-e-type=\"widget\" data-widget_type=\"text-editor.default\">\n\t\t\t\t<div class=\"elementor-widget-container\">\n\t\t\t\t\t\t\t\t\t<div class=\"wpb_text_column wpb_content_element description\"><div class=\"wpb_wrapper\"><p>Former Paris firefighter, long-distance swimmer, and marathon runner, Ulrik will make your life difficult. He is one of the oldest aquacycling coaches in the capital and nothing escapes him. Don&#039;t think about taking a minute&#039;s rest on your bike when his back is turned, because he will see it!<\/p><p>His motto: position before intensity! His classes are active and intensive, you will come out of the water having worked hard.<\/p><\/div><\/div>\t\t\t\t\t\t\t\t<\/div>\n\t\t\t\t<\/div>\n\t\t\t\t<section class=\"elementor-section elementor-inner-section elementor-element elementor-element-7188427b elementor-section-boxed elementor-section-height-default elementor-section-height-default\" data-id=\"7188427b\" data-element_type=\"section\" data-e-type=\"section\">\n\t\t\t\t\t\t<div class=\"elementor-container elementor-column-gap-default\">\n\t\t\t\t\t<div class=\"elementor-column elementor-col-50 elementor-inner-column elementor-element elementor-element-73156986 elementor-hidden-desktop elementor-hidden-tablet elementor-hidden-mobile\" data-id=\"73156986\" data-element_type=\"column\" data-e-type=\"column\">\n\t\t\t<div class=\"elementor-widget-wrap elementor-element-populated\">\n\t\t\t\t\t\t<div class=\"elementor-element elementor-element-50a37ab9 elementor-widget__width-auto etiquette-noire elementor-widget elementor-widget-heading\" data-id=\"50a37ab9\" data-element_type=\"widget\" data-e-type=\"widget\" data-widget_type=\"heading.default\">\n\t\t\t\t<div class=\"elementor-widget-container\">\n\t\t\t\t\t<h2 class=\"elementor-heading-title elementor-size-default\">Workout<\/h2>\t\t\t\t<\/div>\n\t\t\t\t<\/div>\n\t\t\t\t<div class=\"elementor-element elementor-element-11f945c7 elementor-widget elementor-widget-spacer\" data-id=\"11f945c7\" data-element_type=\"widget\" data-e-type=\"widget\" data-widget_type=\"spacer.default\">\n\t\t\t\t<div class=\"elementor-widget-container\">\n\t\t\t\t\t\t\t<div class=\"elementor-spacer\">\n\t\t\t<div class=\"elementor-spacer-inner\"><\/div>\n\t\t<\/div>\n\t\t\t\t\t\t<\/div>\n\t\t\t\t<\/div>\n\t\t\t\t<div class=\"elementor-element elementor-element-7473cbd7 coachs-progressbar elementor-widget elementor-widget-progress\" data-id=\"7473cbd7\" data-element_type=\"widget\" data-e-type=\"widget\" data-widget_type=\"progress.default\">\n\t\t\t\t<div class=\"elementor-widget-container\">\n\t\t\t\t\t\t\t\t<span class=\"elementor-title\" id=\"elementor-progress-bar-7473cbd7\">\n\t\t\t\tCardio\t\t\t<\/span>\n\t\t\n\t\t<div aria-labelledby=\"elementor-progress-bar-7473cbd7\" class=\"elementor-progress-wrapper\" role=\"progressbar\" aria-valuemin=\"0\" aria-valuemax=\"100\" aria-valuenow=\"80\">\n\t\t\t<div class=\"elementor-progress-bar\" data-max=\"80\">\n\t\t\t\t<span class=\"elementor-progress-text\"><\/span>\n\t\t\t\t\t\t\t\t\t<span class=\"elementor-progress-percentage\">80%<\/span>\n\t\t\t\t\t\t\t<\/div>\n\t\t<\/div>\n\t\t\t\t\t\t<\/div>\n\t\t\t\t<\/div>\n\t\t\t\t<div class=\"elementor-element elementor-element-2558acfc coachs-progressbar elementor-widget elementor-widget-progress\" data-id=\"2558acfc\" data-element_type=\"widget\" data-e-type=\"widget\" data-widget_type=\"progress.default\">\n\t\t\t\t<div class=\"elementor-widget-container\">\n\t\t\t\t\t\t\t\t<span class=\"elementor-title\" id=\"elementor-progress-bar-2558acfc\">\n\t\t\t\tReinforcement\t\t\t<\/span>\n\t\t\n\t\t<div aria-labelledby=\"elementor-progress-bar-2558acfc\" class=\"elementor-progress-wrapper\" role=\"progressbar\" aria-valuemin=\"0\" aria-valuemax=\"100\" aria-valuenow=\"90\">\n\t\t\t<div class=\"elementor-progress-bar\" data-max=\"90\">\n\t\t\t\t<span class=\"elementor-progress-text\"><\/span>\n\t\t\t\t\t\t\t\t\t<span class=\"elementor-progress-percentage\">90%<\/span>\n\t\t\t\t\t\t\t<\/div>\n\t\t<\/div>\n\t\t\t\t\t\t<\/div>\n\t\t\t\t<\/div>\n\t\t\t\t<div class=\"elementor-element elementor-element-429dadf9 coachs-progressbar elementor-widget elementor-widget-progress\" data-id=\"429dadf9\" data-element_type=\"widget\" data-e-type=\"widget\" data-widget_type=\"progress.default\">\n\t\t\t\t<div class=\"elementor-widget-container\">\n\t\t\t\t\t\t\t\t<span class=\"elementor-title\" id=\"elementor-progress-bar-429dadf9\">\n\t\t\t\tChat\t\t\t<\/span>\n\t\t\n\t\t<div aria-labelledby=\"elementor-progress-bar-429dadf9\" class=\"elementor-progress-wrapper\" role=\"progressbar\" aria-valuemin=\"0\" aria-valuemax=\"100\" aria-valuenow=\"90\">\n\t\t\t<div class=\"elementor-progress-bar\" data-max=\"90\">\n\t\t\t\t<span class=\"elementor-progress-text\"><\/span>\n\t\t\t\t\t\t\t\t\t<span class=\"elementor-progress-percentage\">90%<\/span>\n\t\t\t\t\t\t\t<\/div>\n\t\t<\/div>\n\t\t\t\t\t\t<\/div>\n\t\t\t\t<\/div>\n\t\t\t\t\t<\/div>\n\t\t<\/div>\n\t\t\t\t<div class=\"elementor-column elementor-col-50 elementor-inner-column elementor-element elementor-element-54f832c9\" data-id=\"54f832c9\" data-element_type=\"column\" data-e-type=\"column\">\n\t\t\t<div class=\"elementor-widget-wrap elementor-element-populated\">\n\t\t\t\t\t\t<div class=\"elementor-element elementor-element-3faeba3e elementor-widget__width-auto etiquette-noire elementor-widget elementor-widget-heading\" data-id=\"3faeba3e\" data-element_type=\"widget\" data-e-type=\"widget\" data-widget_type=\"heading.default\">\n\t\t\t\t<div class=\"elementor-widget-container\">\n\t\t\t\t\t<h2 class=\"elementor-heading-title elementor-size-default\">Music<\/h2>\t\t\t\t<\/div>\n\t\t\t\t<\/div>\n\t\t\t\t<div class=\"elementor-element elementor-element-179d24eb elementor-widget elementor-widget-spacer\" data-id=\"179d24eb\" data-element_type=\"widget\" data-e-type=\"widget\" data-widget_type=\"spacer.default\">\n\t\t\t\t<div class=\"elementor-widget-container\">\n\t\t\t\t\t\t\t<div class=\"elementor-spacer\">\n\t\t\t<div class=\"elementor-spacer-inner\"><\/div>\n\t\t<\/div>\n\t\t\t\t\t\t<\/div>\n\t\t\t\t<\/div>\n\t\t\t\t<div class=\"elementor-element elementor-element-17dec10b img-musique elementor-widget__width-auto elementor-widget elementor-widget-image\" data-id=\"17dec10b\" data-element_type=\"widget\" data-e-type=\"widget\" data-widget_type=\"image.default\">\n\t\t\t\t<div class=\"elementor-widget-container\">\n\t\t\t\t\t\t\t\t\t\t\t\t\t\t\t<img decoding=\"async\" width=\"400\" height=\"400\" src=\"https:\/\/aqua-by.com\/wp-content\/uploads\/2019\/12\/ulrik3.png\" class=\"attachment-large size-large wp-image-7286\" alt=\"\" srcset=\"https:\/\/aqua-by.com\/wp-content\/uploads\/2019\/12\/ulrik3.png 400w, https:\/\/aqua-by.com\/wp-content\/uploads\/2019\/12\/ulrik3-300x300.png 300w, https:\/\/aqua-by.com\/wp-content\/uploads\/2019\/12\/ulrik3-150x150.png 150w\" sizes=\"(max-width: 400px) 100vw, 400px\" \/>\t\t\t\t\t\t\t\t\t\t\t\t\t\t\t<\/div>\n\t\t\t\t<\/div>\n\t\t\t\t<div class=\"elementor-element elementor-element-1db1d491 img-musique elementor-widget__width-auto elementor-widget elementor-widget-image\" data-id=\"1db1d491\" data-element_type=\"widget\" data-e-type=\"widget\" data-widget_type=\"image.default\">\n\t\t\t\t<div class=\"elementor-widget-container\">\n\t\t\t\t\t\t\t\t\t\t\t\t\t\t\t<img decoding=\"async\" width=\"400\" height=\"400\" src=\"https:\/\/aqua-by.com\/wp-content\/uploads\/2019\/12\/ulrik2.png\" class=\"attachment-large size-large wp-image-7287\" alt=\"\" srcset=\"https:\/\/aqua-by.com\/wp-content\/uploads\/2019\/12\/ulrik2.png 400w, https:\/\/aqua-by.com\/wp-content\/uploads\/2019\/12\/ulrik2-300x300.png 300w, https:\/\/aqua-by.com\/wp-content\/uploads\/2019\/12\/ulrik2-150x150.png 150w\" sizes=\"(max-width: 400px) 100vw, 400px\" \/>\t\t\t\t\t\t\t\t\t\t\t\t\t\t\t<\/div>\n\t\t\t\t<\/div>\n\t\t\t\t<div class=\"elementor-element elementor-element-596e561a img-musique elementor-widget__width-auto elementor-widget elementor-widget-image\" data-id=\"596e561a\" data-element_type=\"widget\" data-e-type=\"widget\" data-widget_type=\"image.default\">\n\t\t\t\t<div class=\"elementor-widget-container\">\n\t\t\t\t\t\t\t\t\t\t\t\t\t\t\t<img loading=\"lazy\" decoding=\"async\" width=\"400\" height=\"400\" src=\"https:\/\/aqua-by.com\/wp-content\/uploads\/2019\/12\/ulrik1.png\" class=\"attachment-large size-large wp-image-7288\" alt=\"\" srcset=\"https:\/\/aqua-by.com\/wp-content\/uploads\/2019\/12\/ulrik1.png 400w, https:\/\/aqua-by.com\/wp-content\/uploads\/2019\/12\/ulrik1-300x300.png 300w, https:\/\/aqua-by.com\/wp-content\/uploads\/2019\/12\/ulrik1-150x150.png 150w\" sizes=\"(max-width: 400px) 100vw, 400px\" \/>\t\t\t\t\t\t\t\t\t\t\t\t\t\t\t<\/div>\n\t\t\t\t<\/div>\n\t\t\t\t\t<\/div>\n\t\t<\/div>\n\t\t\t\t\t<\/div>\n\t\t<\/section>\n\t\t\t\t\t<\/div>\n\t\t<\/div>\n\t\t\t\t\t<\/div>\n\t\t<\/section>\n\t\t\t\t<section class=\"elementor-section elementor-top-section elementor-element elementor-element-7360454 elementor-section-boxed elementor-section-height-default elementor-section-height-default\" data-id=\"7360454\" data-element_type=\"section\" data-e-type=\"section\">\n\t\t\t\t\t\t<div class=\"elementor-container elementor-column-gap-default\">\n\t\t\t\t\t<div class=\"elementor-column elementor-col-100 elementor-top-column elementor-element elementor-element-5e79f05\" data-id=\"5e79f05\" data-element_type=\"column\" data-e-type=\"column\">\n\t\t\t<div class=\"elementor-widget-wrap elementor-element-populated\">\n\t\t\t\t\t\t<div class=\"elementor-element elementor-element-cd7f67c elementor-align-center elementor-widget elementor-widget-button\" data-id=\"cd7f67c\" data-element_type=\"widget\" data-e-type=\"widget\" data-widget_type=\"button.default\">\n\t\t\t\t<div class=\"elementor-widget-container\">\n\t\t\t\t\t\t\t\t\t<div class=\"elementor-button-wrapper\">\n\t\t\t\t\t<a class=\"elementor-button elementor-button-link elementor-size-sm\" href=\"https:\/\/aqua-by.com\/en\/ulriks-plan\/\" target=\"_blank\">\n\t\t\t\t\t\t<span class=\"elementor-button-content-wrapper\">\n\t\t\t\t\t\t\t\t\t<span class=\"elementor-button-text\">Book with Ulrik<\/span>\n\t\t\t\t\t<\/span>\n\t\t\t\t\t<\/a>\n\t\t\t\t<\/div>\n\t\t\t\t\t\t\t\t<\/div>\n\t\t\t\t<\/div>\n\t\t\t\t<div class=\"elementor-element elementor-element-e64f56e elementor-widget elementor-widget-spacer\" data-id=\"e64f56e\" data-element_type=\"widget\" data-e-type=\"widget\" data-widget_type=\"spacer.default\">\n\t\t\t\t<div class=\"elementor-widget-container\">\n\t\t\t\t\t\t\t<div class=\"elementor-spacer\">\n\t\t\t<div class=\"elementor-spacer-inner\"><\/div>\n\t\t<\/div>\n\t\t\t\t\t\t<\/div>\n\t\t\t\t<\/div>\n\t\t\t\t<div class=\"elementor-element elementor-element-4abf4ab elementor-widget elementor-widget-spacer\" data-id=\"4abf4ab\" data-element_type=\"widget\" data-e-type=\"widget\" data-widget_type=\"spacer.default\">\n\t\t\t\t<div class=\"elementor-widget-container\">\n\t\t\t\t\t\t\t<div class=\"elementor-spacer\">\n\t\t\t<div class=\"elementor-spacer-inner\"><\/div>\n\t\t<\/div>\n\t\t\t\t\t\t<\/div>\n\t\t\t\t<\/div>\n\t\t\t\t\t<\/div>\n\t\t<\/div>\n\t\t\t\t\t<\/div>\n\t\t<\/section>\n\t\t\t\t<\/div>","protected":false},"excerpt":{"rendered":"<p>Ancien pompiers de Paris, nageur en longue distance, et marathonien, Ulrik va vous mener la vie dure. Il est l\u2019un des plus anciens coachs d\u2019aquacycling de la capitale et rien ne lui \u00e9chappe. Ne pensez surtout pas prendre une minute de repos sur votre v\u00e9lo quand il a le dos tourn\u00e9, car il le verra [&hellip;]<\/p>\n","protected":false},"author":13,"featured_media":0,"parent":9037,"menu_order":0,"comment_status":"closed","ping_status":"closed","template":"elementor_header_footer","meta":{"_acf_changed":false,"footnotes":""},"class_list":["post-9505","page","type-page","status-publish","hentry"],"acf":[],"yoast_head":"<!-- This site is optimized with the Yoast SEO plugin v27.4 - https:\/\/yoast.com\/product\/yoast-seo-wordpress\/ -->\n<title>D\u00e9couvrez nos coachs : Ulrik, des s\u00e9ances sans panique !<\/title>\n<meta name=\"description\" content=\"Parmi nos coachs, Ulrik, sportif confirm\u00e9 et ancien pompier de Paris vous pr\u00e9pare des cours d&#039;aquabike intensifs. R\u00e9servez votre s\u00e9ance avec lui !\" \/>\n<meta name=\"robots\" content=\"index, follow, max-snippet:-1, max-image-preview:large, max-video-preview:-1\" \/>\n<link rel=\"canonical\" href=\"https:\/\/aqua-by.com\/en\/your-coaches\/ulrik\/\" \/>\n<meta property=\"og:locale\" content=\"en_GB\" \/>\n<meta property=\"og:type\" content=\"article\" \/>\n<meta property=\"og:title\" content=\"D\u00e9couvrez nos coachs : Ulrik, des s\u00e9ances sans panique !\" \/>\n<meta property=\"og:description\" content=\"Parmi nos coachs, Ulrik, sportif confirm\u00e9 et ancien pompier de Paris vous pr\u00e9pare des cours d&#039;aquabike intensifs. R\u00e9servez votre s\u00e9ance avec lui !\" \/>\n<meta property=\"og:url\" content=\"https:\/\/aqua-by.com\/en\/your-coaches\/ulrik\/\" \/>\n<meta property=\"og:site_name\" content=\"Aqua by\" \/>\n<meta property=\"article:publisher\" content=\"http:\/\/facebook.com\/aquaby\" \/>\n<meta property=\"article:modified_time\" content=\"2023-01-09T09:53:47+00:00\" \/>\n<meta property=\"og:image\" content=\"https:\/\/aqua-by.com\/wp-content\/uploads\/2021\/06\/ulrik.jpg\" \/>\n<meta name=\"twitter:card\" content=\"summary_large_image\" \/>\n<meta name=\"twitter:label1\" content=\"Estimated reading time\" \/>\n\t<meta name=\"twitter:data1\" content=\"2 minutes\" \/>\n<script type=\"application\/ld+json\" class=\"yoast-schema-graph\">{\"@context\":\"https:\\\/\\\/schema.org\",\"@graph\":[{\"@type\":\"WebPage\",\"@id\":\"https:\\\/\\\/aqua-by.com\\\/vos-coachs\\\/ulrik\\\/\",\"url\":\"https:\\\/\\\/aqua-by.com\\\/vos-coachs\\\/ulrik\\\/\",\"name\":\"D\u00e9couvrez nos coachs : Ulrik, des s\u00e9ances sans panique !\",\"isPartOf\":{\"@id\":\"https:\\\/\\\/aqua-by.com\\\/#website\"},\"primaryImageOfPage\":{\"@id\":\"https:\\\/\\\/aqua-by.com\\\/vos-coachs\\\/ulrik\\\/#primaryimage\"},\"image\":{\"@id\":\"https:\\\/\\\/aqua-by.com\\\/vos-coachs\\\/ulrik\\\/#primaryimage\"},\"thumbnailUrl\":\"https:\\\/\\\/aqua-by.com\\\/wp-content\\\/uploads\\\/2021\\\/06\\\/ulrik.jpg\",\"datePublished\":\"2021-01-12T16:37:25+00:00\",\"dateModified\":\"2023-01-09T09:53:47+00:00\",\"description\":\"Parmi nos coachs, Ulrik, sportif confirm\u00e9 et ancien pompier de Paris vous pr\u00e9pare des cours d'aquabike intensifs. R\u00e9servez votre s\u00e9ance avec lui !\",\"breadcrumb\":{\"@id\":\"https:\\\/\\\/aqua-by.com\\\/vos-coachs\\\/ulrik\\\/#breadcrumb\"},\"inLanguage\":\"en-GB\",\"potentialAction\":[{\"@type\":\"ReadAction\",\"target\":[\"https:\\\/\\\/aqua-by.com\\\/vos-coachs\\\/ulrik\\\/\"]}]},{\"@type\":\"ImageObject\",\"inLanguage\":\"en-GB\",\"@id\":\"https:\\\/\\\/aqua-by.com\\\/vos-coachs\\\/ulrik\\\/#primaryimage\",\"url\":\"https:\\\/\\\/aqua-by.com\\\/wp-content\\\/uploads\\\/2021\\\/06\\\/ulrik.jpg\",\"contentUrl\":\"https:\\\/\\\/aqua-by.com\\\/wp-content\\\/uploads\\\/2021\\\/06\\\/ulrik.jpg\"},{\"@type\":\"BreadcrumbList\",\"@id\":\"https:\\\/\\\/aqua-by.com\\\/vos-coachs\\\/ulrik\\\/#breadcrumb\",\"itemListElement\":[{\"@type\":\"ListItem\",\"position\":1,\"name\":\"Accueil\",\"item\":\"https:\\\/\\\/aqua-by.com\\\/\"},{\"@type\":\"ListItem\",\"position\":2,\"name\":\"Vos coachs\",\"item\":\"https:\\\/\\\/aqua-by.com\\\/vos-coachs\\\/\"},{\"@type\":\"ListItem\",\"position\":3,\"name\":\"Ulrik\"}]},{\"@type\":\"WebSite\",\"@id\":\"https:\\\/\\\/aqua-by.com\\\/#website\",\"url\":\"https:\\\/\\\/aqua-by.com\\\/\",\"name\":\"Aqua by\",\"description\":\"L&#039;aquabiking autrement\",\"publisher\":{\"@id\":\"https:\\\/\\\/aqua-by.com\\\/#organization\"},\"potentialAction\":[{\"@type\":\"SearchAction\",\"target\":{\"@type\":\"EntryPoint\",\"urlTemplate\":\"https:\\\/\\\/aqua-by.com\\\/?s={search_term_string}\"},\"query-input\":{\"@type\":\"PropertyValueSpecification\",\"valueRequired\":true,\"valueName\":\"search_term_string\"}}],\"inLanguage\":\"en-GB\"},{\"@type\":\"Organization\",\"@id\":\"https:\\\/\\\/aqua-by.com\\\/#organization\",\"name\":\"Aqua by\",\"url\":\"https:\\\/\\\/aqua-by.com\\\/\",\"logo\":{\"@type\":\"ImageObject\",\"inLanguage\":\"en-GB\",\"@id\":\"https:\\\/\\\/aqua-by.com\\\/#\\\/schema\\\/logo\\\/image\\\/\",\"url\":\"https:\\\/\\\/aqua-by.com\\\/wp-content\\\/uploads\\\/2018\\\/02\\\/logo-01-bleu-nuit.png\",\"contentUrl\":\"https:\\\/\\\/aqua-by.com\\\/wp-content\\\/uploads\\\/2018\\\/02\\\/logo-01-bleu-nuit.png\",\"width\":634,\"height\":325,\"caption\":\"Aqua by\"},\"image\":{\"@id\":\"https:\\\/\\\/aqua-by.com\\\/#\\\/schema\\\/logo\\\/image\\\/\"},\"sameAs\":[\"http:\\\/\\\/facebook.com\\\/aquaby\",\"http:\\\/\\\/instagram.com\\\/aqua_by\",\"https:\\\/\\\/fr.linkedin.com\\\/company\\\/aqua-by\",\"https:\\\/\\\/www.pinterest.fr\\\/aquabyparis\\\/\",\"https:\\\/\\\/www.youtube.com\\\/channel\\\/UC-loCTuRfFXbcg9QUJFVQRw\"]}]}<\/script>\n<!-- \/ Yoast SEO plugin. -->","yoast_head_json":{"title":"Meet our coaches: Ulrik, sessions without panic!","description":"Among our coaches, Ulrik, a seasoned athlete and former Paris firefighter, prepares intensive aquabike classes for you. Book your session with him!","robots":{"index":"index","follow":"follow","max-snippet":"max-snippet:-1","max-image-preview":"max-image-preview:large","max-video-preview":"max-video-preview:-1"},"canonical":"https:\/\/aqua-by.com\/en\/your-coaches\/ulrik\/","og_locale":"en_GB","og_type":"article","og_title":"D\u00e9couvrez nos coachs : Ulrik, des s\u00e9ances sans panique !","og_description":"Parmi nos coachs, Ulrik, sportif confirm\u00e9 et ancien pompier de Paris vous pr\u00e9pare des cours d'aquabike intensifs. R\u00e9servez votre s\u00e9ance avec lui !","og_url":"https:\/\/aqua-by.com\/en\/your-coaches\/ulrik\/","og_site_name":"Aqua by","article_publisher":"http:\/\/facebook.com\/aquaby","article_modified_time":"2023-01-09T09:53:47+00:00","og_image":[{"url":"https:\/\/aqua-by.com\/wp-content\/uploads\/2021\/06\/ulrik.jpg","type":"","width":"","height":""}],"twitter_card":"summary_large_image","twitter_misc":{"Estimated reading time":"2 minutes"},"schema":{"@context":"https:\/\/schema.org","@graph":[{"@type":"WebPage","@id":"https:\/\/aqua-by.com\/vos-coachs\/ulrik\/","url":"https:\/\/aqua-by.com\/vos-coachs\/ulrik\/","name":"Meet our coaches: Ulrik, sessions without panic!","isPartOf":{"@id":"https:\/\/aqua-by.com\/#website"},"primaryImageOfPage":{"@id":"https:\/\/aqua-by.com\/vos-coachs\/ulrik\/#primaryimage"},"image":{"@id":"https:\/\/aqua-by.com\/vos-coachs\/ulrik\/#primaryimage"},"thumbnailUrl":"https:\/\/aqua-by.com\/wp-content\/uploads\/2021\/06\/ulrik.jpg","datePublished":"2021-01-12T16:37:25+00:00","dateModified":"2023-01-09T09:53:47+00:00","description":"Among our coaches, Ulrik, a seasoned athlete and former Paris firefighter, prepares intensive aquabike classes for you. Book your session with him!","breadcrumb":{"@id":"https:\/\/aqua-by.com\/vos-coachs\/ulrik\/#breadcrumb"},"inLanguage":"en-GB","potentialAction":[{"@type":"ReadAction","target":["https:\/\/aqua-by.com\/vos-coachs\/ulrik\/"]}]},{"@type":"ImageObject","inLanguage":"en-GB","@id":"https:\/\/aqua-by.com\/vos-coachs\/ulrik\/#primaryimage","url":"https:\/\/aqua-by.com\/wp-content\/uploads\/2021\/06\/ulrik.jpg","contentUrl":"https:\/\/aqua-by.com\/wp-content\/uploads\/2021\/06\/ulrik.jpg"},{"@type":"BreadcrumbList","@id":"https:\/\/aqua-by.com\/vos-coachs\/ulrik\/#breadcrumb","itemListElement":[{"@type":"ListItem","position":1,"name":"Accueil","item":"https:\/\/aqua-by.com\/"},{"@type":"ListItem","position":2,"name":"Vos coachs","item":"https:\/\/aqua-by.com\/vos-coachs\/"},{"@type":"ListItem","position":3,"name":"Ulrik"}]},{"@type":"WebSite","@id":"https:\/\/aqua-by.com\/#website","url":"https:\/\/aqua-by.com\/","name":"Aqua by","description":"Aquabiking in a different way","publisher":{"@id":"https:\/\/aqua-by.com\/#organization"},"potentialAction":[{"@type":"SearchAction","target":{"@type":"EntryPoint","urlTemplate":"https:\/\/aqua-by.com\/?s={search_term_string}"},"query-input":{"@type":"PropertyValueSpecification","valueRequired":true,"valueName":"search_term_string"}}],"inLanguage":"en-GB"},{"@type":"Organization","@id":"https:\/\/aqua-by.com\/#organization","name":"Aqua by","url":"https:\/\/aqua-by.com\/","logo":{"@type":"ImageObject","inLanguage":"en-GB","@id":"https:\/\/aqua-by.com\/#\/schema\/logo\/image\/","url":"https:\/\/aqua-by.com\/wp-content\/uploads\/2018\/02\/logo-01-bleu-nuit.png","contentUrl":"https:\/\/aqua-by.com\/wp-content\/uploads\/2018\/02\/logo-01-bleu-nuit.png","width":634,"height":325,"caption":"Aqua by"},"image":{"@id":"https:\/\/aqua-by.com\/#\/schema\/logo\/image\/"},"sameAs":["http:\/\/facebook.com\/aquaby","http:\/\/instagram.com\/aqua_by","https:\/\/fr.linkedin.com\/company\/aqua-by","https:\/\/www.pinterest.fr\/aquabyparis\/","https:\/\/www.youtube.com\/channel\/UC-loCTuRfFXbcg9QUJFVQRw"]}]}},"publishpress_future_action":{"enabled":false,"date":"2026-04-28 14:11:54","action":"change-status","newStatus":"draft","terms":[],"taxonomy":"","extraData":[]},"publishpress_future_workflow_manual_trigger":{"enabledWorkflows":[]},"_links":{"self":[{"href":"https:\/\/aqua-by.com\/en\/wp-json\/wp\/v2\/pages\/9505","targetHints":{"allow":["GET"]}}],"collection":[{"href":"https:\/\/aqua-by.com\/en\/wp-json\/wp\/v2\/pages"}],"about":[{"href":"https:\/\/aqua-by.com\/en\/wp-json\/wp\/v2\/types\/page"}],"author":[{"embeddable":true,"href":"https:\/\/aqua-by.com\/en\/wp-json\/wp\/v2\/users\/13"}],"replies":[{"embeddable":true,"href":"https:\/\/aqua-by.com\/en\/wp-json\/wp\/v2\/comments?post=9505"}],"version-history":[{"count":5,"href":"https:\/\/aqua-by.com\/en\/wp-json\/wp\/v2\/pages\/9505\/revisions"}],"predecessor-version":[{"id":22266,"href":"https:\/\/aqua-by.com\/en\/wp-json\/wp\/v2\/pages\/9505\/revisions\/22266"}],"up":[{"embeddable":true,"href":"https:\/\/aqua-by.com\/en\/wp-json\/wp\/v2\/pages\/9037"}],"wp:attachment":[{"href":"https:\/\/aqua-by.com\/en\/wp-json\/wp\/v2\/media?parent=9505"}],"curies":[{"name":"wp","href":"https:\/\/api.w.org\/{rel}","templated":true}]}}