{"id":9428,"date":"2021-01-12T16:30:55","date_gmt":"2021-01-12T15:30:55","guid":{"rendered":"https:\/\/aqua-by.com\/?page_id=9428"},"modified":"2023-01-09T10:53:12","modified_gmt":"2023-01-09T09:53:12","slug":"brian","status":"publish","type":"page","link":"https:\/\/aqua-by.com\/en\/your-coaches\/brian\/","title":{"rendered":"Brian"},"content":{"rendered":"<div data-elementor-type=\"wp-page\" data-elementor-id=\"9428\" class=\"elementor elementor-9428\" data-elementor-post-type=\"page\">\n\t\t\t\t\t\t<section class=\"elementor-section elementor-top-section elementor-element elementor-element-3da88fd0 prenom-coach elementor-section-boxed elementor-section-height-default elementor-section-height-default\" data-id=\"3da88fd0\" data-element_type=\"section\" data-e-type=\"section\">\n\t\t\t\t\t\t<div class=\"elementor-container elementor-column-gap-wider\">\n\t\t\t\t\t<div class=\"elementor-column elementor-col-33 elementor-top-column elementor-element elementor-element-3e85ddcc\" data-id=\"3e85ddcc\" data-element_type=\"column\" data-e-type=\"column\">\n\t\t\t<div class=\"elementor-widget-wrap elementor-element-populated\">\n\t\t\t\t\t\t<div class=\"elementor-element elementor-element-ad8abbc elementor-widget elementor-widget-image\" data-id=\"ad8abbc\" data-element_type=\"widget\" data-e-type=\"widget\" data-widget_type=\"image.default\">\n\t\t\t\t<div class=\"elementor-widget-container\">\n\t\t\t\t\t\t\t\t\t\t\t\t\t\t\t<img fetchpriority=\"high\" decoding=\"async\" width=\"476\" height=\"581\" src=\"https:\/\/aqua-by.com\/wp-content\/uploads\/2021\/06\/brian.jpg\" class=\"attachment-large size-large wp-image-13655\" alt=\"\" srcset=\"https:\/\/aqua-by.com\/wp-content\/uploads\/2021\/06\/brian.jpg 476w, https:\/\/aqua-by.com\/wp-content\/uploads\/2021\/06\/brian-246x300.jpg 246w\" sizes=\"(max-width: 476px) 100vw, 476px\" \/>\t\t\t\t\t\t\t\t\t\t\t\t\t\t\t<\/div>\n\t\t\t\t<\/div>\n\t\t\t\t\t<\/div>\n\t\t<\/div>\n\t\t\t\t<div class=\"elementor-column elementor-col-66 elementor-top-column elementor-element elementor-element-3c89037e\" data-id=\"3c89037e\" data-element_type=\"column\" data-e-type=\"column\">\n\t\t\t<div class=\"elementor-widget-wrap elementor-element-populated\">\n\t\t\t\t\t\t<div class=\"elementor-element elementor-element-1c0711bc elementor-widget__width-auto etiquette-noire elementor-widget elementor-widget-heading\" data-id=\"1c0711bc\" data-element_type=\"widget\" data-e-type=\"widget\" data-widget_type=\"heading.default\">\n\t\t\t\t<div class=\"elementor-widget-container\">\n\t\t\t\t\t<h1 class=\"elementor-heading-title elementor-size-default\">Brian<\/h1>\t\t\t\t<\/div>\n\t\t\t\t<\/div>\n\t\t\t\t<div class=\"elementor-element elementor-element-13a19177 elementor-widget elementor-widget-text-editor\" data-id=\"13a19177\" data-element_type=\"widget\" data-e-type=\"widget\" data-widget_type=\"text-editor.default\">\n\t\t\t\t<div class=\"elementor-widget-container\">\n\t\t\t\t\t\t\t\t\t<p>A top-level swimmer, Brian is a confirmed athlete. A 50m and 100m crawl and butterfly sprinter, his skills led him to finish as a semi-finalist in the French championships.<br \/>With over 5 years of experience in aquacycling, he is one of the first French coaches in this discipline. In the water, Brian doesn&#039;t give any gifts, get ready for a powerful workout!<\/p>\t\t\t\t\t\t\t\t<\/div>\n\t\t\t\t<\/div>\n\t\t\t\t<section class=\"elementor-section elementor-inner-section elementor-element elementor-element-b8078a2 elementor-section-boxed elementor-section-height-default elementor-section-height-default\" data-id=\"b8078a2\" data-element_type=\"section\" data-e-type=\"section\">\n\t\t\t\t\t\t<div class=\"elementor-container elementor-column-gap-default\">\n\t\t\t\t\t<div class=\"elementor-column elementor-col-50 elementor-inner-column elementor-element elementor-element-5183fc3 elementor-hidden-desktop elementor-hidden-tablet elementor-hidden-mobile\" data-id=\"5183fc3\" data-element_type=\"column\" data-e-type=\"column\">\n\t\t\t<div class=\"elementor-widget-wrap elementor-element-populated\">\n\t\t\t\t\t\t<div class=\"elementor-element elementor-element-d7a6bd1 elementor-widget__width-auto etiquette-noire elementor-widget elementor-widget-heading\" data-id=\"d7a6bd1\" data-element_type=\"widget\" data-e-type=\"widget\" data-widget_type=\"heading.default\">\n\t\t\t\t<div class=\"elementor-widget-container\">\n\t\t\t\t\t<h2 class=\"elementor-heading-title elementor-size-default\">Workout<\/h2>\t\t\t\t<\/div>\n\t\t\t\t<\/div>\n\t\t\t\t<div class=\"elementor-element elementor-element-301130ef elementor-widget elementor-widget-spacer\" data-id=\"301130ef\" data-element_type=\"widget\" data-e-type=\"widget\" data-widget_type=\"spacer.default\">\n\t\t\t\t<div class=\"elementor-widget-container\">\n\t\t\t\t\t\t\t<div class=\"elementor-spacer\">\n\t\t\t<div class=\"elementor-spacer-inner\"><\/div>\n\t\t<\/div>\n\t\t\t\t\t\t<\/div>\n\t\t\t\t<\/div>\n\t\t\t\t<div class=\"elementor-element elementor-element-663ebeb9 coachs-progressbar elementor-widget elementor-widget-progress\" data-id=\"663ebeb9\" data-element_type=\"widget\" data-e-type=\"widget\" data-widget_type=\"progress.default\">\n\t\t\t\t<div class=\"elementor-widget-container\">\n\t\t\t\t\t\t\t\t<span class=\"elementor-title\" id=\"elementor-progress-bar-663ebeb9\">\n\t\t\t\tCardio\t\t\t<\/span>\n\t\t\n\t\t<div aria-labelledby=\"elementor-progress-bar-663ebeb9\" class=\"elementor-progress-wrapper\" role=\"progressbar\" aria-valuemin=\"0\" aria-valuemax=\"100\" aria-valuenow=\"90\">\n\t\t\t<div class=\"elementor-progress-bar\" data-max=\"90\">\n\t\t\t\t<span class=\"elementor-progress-text\"><\/span>\n\t\t\t\t\t\t\t\t\t<span class=\"elementor-progress-percentage\">90%<\/span>\n\t\t\t\t\t\t\t<\/div>\n\t\t<\/div>\n\t\t\t\t\t\t<\/div>\n\t\t\t\t<\/div>\n\t\t\t\t<div class=\"elementor-element elementor-element-615606c5 coachs-progressbar elementor-widget elementor-widget-progress\" data-id=\"615606c5\" data-element_type=\"widget\" data-e-type=\"widget\" data-widget_type=\"progress.default\">\n\t\t\t\t<div class=\"elementor-widget-container\">\n\t\t\t\t\t\t\t\t<span class=\"elementor-title\" id=\"elementor-progress-bar-615606c5\">\n\t\t\t\tReinforcement\t\t\t<\/span>\n\t\t\n\t\t<div aria-labelledby=\"elementor-progress-bar-615606c5\" class=\"elementor-progress-wrapper\" role=\"progressbar\" aria-valuemin=\"0\" aria-valuemax=\"100\" aria-valuenow=\"80\">\n\t\t\t<div class=\"elementor-progress-bar\" data-max=\"80\">\n\t\t\t\t<span class=\"elementor-progress-text\"><\/span>\n\t\t\t\t\t\t\t\t\t<span class=\"elementor-progress-percentage\">80%<\/span>\n\t\t\t\t\t\t\t<\/div>\n\t\t<\/div>\n\t\t\t\t\t\t<\/div>\n\t\t\t\t<\/div>\n\t\t\t\t<div class=\"elementor-element elementor-element-504b39b5 coachs-progressbar elementor-widget elementor-widget-progress\" data-id=\"504b39b5\" data-element_type=\"widget\" data-e-type=\"widget\" data-widget_type=\"progress.default\">\n\t\t\t\t<div class=\"elementor-widget-container\">\n\t\t\t\t\t\t\t\t<span class=\"elementor-title\" id=\"elementor-progress-bar-504b39b5\">\n\t\t\t\tDynamic\t\t\t<\/span>\n\t\t\n\t\t<div aria-labelledby=\"elementor-progress-bar-504b39b5\" class=\"elementor-progress-wrapper\" role=\"progressbar\" aria-valuemin=\"0\" aria-valuemax=\"100\" aria-valuenow=\"100\">\n\t\t\t<div class=\"elementor-progress-bar\" data-max=\"100\">\n\t\t\t\t<span class=\"elementor-progress-text\"><\/span>\n\t\t\t\t\t\t\t\t\t<span class=\"elementor-progress-percentage\">100%<\/span>\n\t\t\t\t\t\t\t<\/div>\n\t\t<\/div>\n\t\t\t\t\t\t<\/div>\n\t\t\t\t<\/div>\n\t\t\t\t\t<\/div>\n\t\t<\/div>\n\t\t\t\t<div class=\"elementor-column elementor-col-50 elementor-inner-column elementor-element elementor-element-68707702\" data-id=\"68707702\" data-element_type=\"column\" data-e-type=\"column\">\n\t\t\t<div class=\"elementor-widget-wrap elementor-element-populated\">\n\t\t\t\t\t\t<div class=\"elementor-element elementor-element-3d4aedd elementor-widget__width-auto etiquette-noire elementor-widget elementor-widget-heading\" data-id=\"3d4aedd\" data-element_type=\"widget\" data-e-type=\"widget\" data-widget_type=\"heading.default\">\n\t\t\t\t<div class=\"elementor-widget-container\">\n\t\t\t\t\t<h2 class=\"elementor-heading-title elementor-size-default\">Music<\/h2>\t\t\t\t<\/div>\n\t\t\t\t<\/div>\n\t\t\t\t<div class=\"elementor-element elementor-element-263c466c elementor-widget elementor-widget-spacer\" data-id=\"263c466c\" data-element_type=\"widget\" data-e-type=\"widget\" data-widget_type=\"spacer.default\">\n\t\t\t\t<div class=\"elementor-widget-container\">\n\t\t\t\t\t\t\t<div class=\"elementor-spacer\">\n\t\t\t<div class=\"elementor-spacer-inner\"><\/div>\n\t\t<\/div>\n\t\t\t\t\t\t<\/div>\n\t\t\t\t<\/div>\n\t\t\t\t<div class=\"elementor-element elementor-element-438a35da img-musique elementor-widget__width-auto elementor-widget elementor-widget-image\" data-id=\"438a35da\" data-element_type=\"widget\" data-e-type=\"widget\" data-widget_type=\"image.default\">\n\t\t\t\t<div class=\"elementor-widget-container\">\n\t\t\t\t\t\t\t\t\t\t\t\t\t\t\t<img decoding=\"async\" width=\"400\" height=\"400\" src=\"https:\/\/aqua-by.com\/wp-content\/uploads\/2019\/12\/brian3.png\" class=\"attachment-large size-large wp-image-7314\" alt=\"#\" srcset=\"https:\/\/aqua-by.com\/wp-content\/uploads\/2019\/12\/brian3.png 400w, https:\/\/aqua-by.com\/wp-content\/uploads\/2019\/12\/brian3-300x300.png 300w, https:\/\/aqua-by.com\/wp-content\/uploads\/2019\/12\/brian3-150x150.png 150w\" sizes=\"(max-width: 400px) 100vw, 400px\" \/>\t\t\t\t\t\t\t\t\t\t\t\t\t\t\t<\/div>\n\t\t\t\t<\/div>\n\t\t\t\t<div class=\"elementor-element elementor-element-5928a84 img-musique elementor-widget__width-auto elementor-widget elementor-widget-image\" data-id=\"5928a84\" data-element_type=\"widget\" data-e-type=\"widget\" data-widget_type=\"image.default\">\n\t\t\t\t<div class=\"elementor-widget-container\">\n\t\t\t\t\t\t\t\t\t\t\t\t\t\t\t<img decoding=\"async\" width=\"400\" height=\"400\" src=\"https:\/\/aqua-by.com\/wp-content\/uploads\/2019\/12\/brian2.png\" class=\"attachment-large size-large wp-image-7315\" alt=\"#\" srcset=\"https:\/\/aqua-by.com\/wp-content\/uploads\/2019\/12\/brian2.png 400w, https:\/\/aqua-by.com\/wp-content\/uploads\/2019\/12\/brian2-300x300.png 300w, https:\/\/aqua-by.com\/wp-content\/uploads\/2019\/12\/brian2-150x150.png 150w\" sizes=\"(max-width: 400px) 100vw, 400px\" \/>\t\t\t\t\t\t\t\t\t\t\t\t\t\t\t<\/div>\n\t\t\t\t<\/div>\n\t\t\t\t<div class=\"elementor-element elementor-element-3a6ec310 img-musique elementor-widget__width-auto elementor-widget elementor-widget-image\" data-id=\"3a6ec310\" data-element_type=\"widget\" data-e-type=\"widget\" data-widget_type=\"image.default\">\n\t\t\t\t<div class=\"elementor-widget-container\">\n\t\t\t\t\t\t\t\t\t\t\t\t\t\t\t<img loading=\"lazy\" decoding=\"async\" width=\"400\" height=\"400\" src=\"https:\/\/aqua-by.com\/wp-content\/uploads\/2019\/12\/brian1.png\" class=\"attachment-large size-large wp-image-7316\" alt=\"#\" srcset=\"https:\/\/aqua-by.com\/wp-content\/uploads\/2019\/12\/brian1.png 400w, https:\/\/aqua-by.com\/wp-content\/uploads\/2019\/12\/brian1-300x300.png 300w, https:\/\/aqua-by.com\/wp-content\/uploads\/2019\/12\/brian1-150x150.png 150w\" sizes=\"(max-width: 400px) 100vw, 400px\" \/>\t\t\t\t\t\t\t\t\t\t\t\t\t\t\t<\/div>\n\t\t\t\t<\/div>\n\t\t\t\t\t<\/div>\n\t\t<\/div>\n\t\t\t\t\t<\/div>\n\t\t<\/section>\n\t\t\t\t\t<\/div>\n\t\t<\/div>\n\t\t\t\t\t<\/div>\n\t\t<\/section>\n\t\t\t\t<section class=\"elementor-section elementor-top-section elementor-element elementor-element-271c792b elementor-section-boxed elementor-section-height-default elementor-section-height-default\" data-id=\"271c792b\" data-element_type=\"section\" data-e-type=\"section\">\n\t\t\t\t\t\t<div class=\"elementor-container elementor-column-gap-default\">\n\t\t\t\t\t<div class=\"elementor-column elementor-col-100 elementor-top-column elementor-element elementor-element-325a29bd\" data-id=\"325a29bd\" data-element_type=\"column\" data-e-type=\"column\">\n\t\t\t<div class=\"elementor-widget-wrap elementor-element-populated\">\n\t\t\t\t\t\t<div class=\"elementor-element elementor-element-d56a9e8 elementor-align-center elementor-widget elementor-widget-button\" data-id=\"d56a9e8\" data-element_type=\"widget\" data-e-type=\"widget\" data-widget_type=\"button.default\">\n\t\t\t\t<div class=\"elementor-widget-container\">\n\t\t\t\t\t\t\t\t\t<div class=\"elementor-button-wrapper\">\n\t\t\t\t\t<a class=\"elementor-button elementor-button-link elementor-size-sm\" href=\"https:\/\/aqua-by.com\/en\/planning-brian\/\" target=\"_blank\">\n\t\t\t\t\t\t<span class=\"elementor-button-content-wrapper\">\n\t\t\t\t\t\t\t\t\t<span class=\"elementor-button-text\">Book with Brian<\/span>\n\t\t\t\t\t<\/span>\n\t\t\t\t\t<\/a>\n\t\t\t\t<\/div>\n\t\t\t\t\t\t\t\t<\/div>\n\t\t\t\t<\/div>\n\t\t\t\t\t<\/div>\n\t\t<\/div>\n\t\t\t\t\t<\/div>\n\t\t<\/section>\n\t\t\t\t<\/div>","protected":false},"excerpt":{"rendered":"<p>Brian Nageur de haut niveau, Brian est un athl\u00e8te confirm\u00e9. Sprinteur de crawl et papillon sur 50 et 100m, ses comp\u00e9tences l\u2019ont amen\u00e9 \u00e0 finir demi-finaliste des championnats de France.Fort de plus de 5 ans d\u2019exp\u00e9rience dans l\u2019aquacycling, il fait partie des premiers coachs fran\u00e7ais de cette discipline. Dans l\u2019eau, Brian ne fait aucun cadeau, [&hellip;]<\/p>\n","protected":false},"author":13,"featured_media":0,"parent":9037,"menu_order":0,"comment_status":"closed","ping_status":"closed","template":"elementor_header_footer","meta":{"_acf_changed":false,"footnotes":""},"class_list":["post-9428","page","type-page","status-publish","hentry"],"acf":[],"yoast_head":"<!-- This site is optimized with the Yoast SEO plugin v27.4 - https:\/\/yoast.com\/product\/yoast-seo-wordpress\/ -->\n<title>D\u00e9couvrez nos coachs : Brian, des s\u00e9ances d&#039;aquabike dynamiques !<\/title>\n<meta name=\"description\" content=\"Parmi nos coachs, Brian, un des premiers coachs d&#039;aquabiking vous surprend avec dynamisme dans vos s\u00e9ances d&#039;aquabike. R\u00e9servez votre cours avec lui !\" \/>\n<meta name=\"robots\" content=\"index, follow, max-snippet:-1, max-image-preview:large, max-video-preview:-1\" \/>\n<link rel=\"canonical\" href=\"https:\/\/aqua-by.com\/en\/your-coaches\/brian\/\" \/>\n<meta property=\"og:locale\" content=\"en_GB\" \/>\n<meta property=\"og:type\" content=\"article\" \/>\n<meta property=\"og:title\" content=\"D\u00e9couvrez nos coachs : Brian, des s\u00e9ances d&#039;aquabike dynamiques !\" \/>\n<meta property=\"og:description\" content=\"Parmi nos coachs, Brian, un des premiers coachs d&#039;aquabiking vous surprend avec dynamisme dans vos s\u00e9ances d&#039;aquabike. R\u00e9servez votre cours avec lui !\" \/>\n<meta property=\"og:url\" content=\"https:\/\/aqua-by.com\/en\/your-coaches\/brian\/\" \/>\n<meta property=\"og:site_name\" content=\"Aqua by\" \/>\n<meta property=\"article:publisher\" content=\"http:\/\/facebook.com\/aquaby\" \/>\n<meta property=\"article:modified_time\" content=\"2023-01-09T09:53:12+00:00\" \/>\n<meta property=\"og:image\" content=\"https:\/\/aqua-by.com\/wp-content\/uploads\/2021\/06\/brian.jpg\" \/>\n<meta name=\"twitter:card\" content=\"summary_large_image\" \/>\n<meta name=\"twitter:label1\" content=\"Estimated reading time\" \/>\n\t<meta name=\"twitter:data1\" content=\"2 minutes\" \/>\n<script type=\"application\/ld+json\" class=\"yoast-schema-graph\">{\"@context\":\"https:\\\/\\\/schema.org\",\"@graph\":[{\"@type\":\"WebPage\",\"@id\":\"https:\\\/\\\/aqua-by.com\\\/vos-coachs\\\/brian\\\/\",\"url\":\"https:\\\/\\\/aqua-by.com\\\/vos-coachs\\\/brian\\\/\",\"name\":\"D\u00e9couvrez nos coachs : Brian, des s\u00e9ances d'aquabike dynamiques !\",\"isPartOf\":{\"@id\":\"https:\\\/\\\/aqua-by.com\\\/#website\"},\"primaryImageOfPage\":{\"@id\":\"https:\\\/\\\/aqua-by.com\\\/vos-coachs\\\/brian\\\/#primaryimage\"},\"image\":{\"@id\":\"https:\\\/\\\/aqua-by.com\\\/vos-coachs\\\/brian\\\/#primaryimage\"},\"thumbnailUrl\":\"https:\\\/\\\/aqua-by.com\\\/wp-content\\\/uploads\\\/2021\\\/06\\\/brian.jpg\",\"datePublished\":\"2021-01-12T15:30:55+00:00\",\"dateModified\":\"2023-01-09T09:53:12+00:00\",\"description\":\"Parmi nos coachs, Brian, un des premiers coachs d'aquabiking vous surprend avec dynamisme dans vos s\u00e9ances d'aquabike. R\u00e9servez votre cours avec lui !\",\"breadcrumb\":{\"@id\":\"https:\\\/\\\/aqua-by.com\\\/vos-coachs\\\/brian\\\/#breadcrumb\"},\"inLanguage\":\"en-GB\",\"potentialAction\":[{\"@type\":\"ReadAction\",\"target\":[\"https:\\\/\\\/aqua-by.com\\\/vos-coachs\\\/brian\\\/\"]}]},{\"@type\":\"ImageObject\",\"inLanguage\":\"en-GB\",\"@id\":\"https:\\\/\\\/aqua-by.com\\\/vos-coachs\\\/brian\\\/#primaryimage\",\"url\":\"https:\\\/\\\/aqua-by.com\\\/wp-content\\\/uploads\\\/2021\\\/06\\\/brian.jpg\",\"contentUrl\":\"https:\\\/\\\/aqua-by.com\\\/wp-content\\\/uploads\\\/2021\\\/06\\\/brian.jpg\"},{\"@type\":\"BreadcrumbList\",\"@id\":\"https:\\\/\\\/aqua-by.com\\\/vos-coachs\\\/brian\\\/#breadcrumb\",\"itemListElement\":[{\"@type\":\"ListItem\",\"position\":1,\"name\":\"Accueil\",\"item\":\"https:\\\/\\\/aqua-by.com\\\/\"},{\"@type\":\"ListItem\",\"position\":2,\"name\":\"Vos coachs\",\"item\":\"https:\\\/\\\/aqua-by.com\\\/vos-coachs\\\/\"},{\"@type\":\"ListItem\",\"position\":3,\"name\":\"Brian\"}]},{\"@type\":\"WebSite\",\"@id\":\"https:\\\/\\\/aqua-by.com\\\/#website\",\"url\":\"https:\\\/\\\/aqua-by.com\\\/\",\"name\":\"Aqua by\",\"description\":\"L&#039;aquabiking autrement\",\"publisher\":{\"@id\":\"https:\\\/\\\/aqua-by.com\\\/#organization\"},\"potentialAction\":[{\"@type\":\"SearchAction\",\"target\":{\"@type\":\"EntryPoint\",\"urlTemplate\":\"https:\\\/\\\/aqua-by.com\\\/?s={search_term_string}\"},\"query-input\":{\"@type\":\"PropertyValueSpecification\",\"valueRequired\":true,\"valueName\":\"search_term_string\"}}],\"inLanguage\":\"en-GB\"},{\"@type\":\"Organization\",\"@id\":\"https:\\\/\\\/aqua-by.com\\\/#organization\",\"name\":\"Aqua by\",\"url\":\"https:\\\/\\\/aqua-by.com\\\/\",\"logo\":{\"@type\":\"ImageObject\",\"inLanguage\":\"en-GB\",\"@id\":\"https:\\\/\\\/aqua-by.com\\\/#\\\/schema\\\/logo\\\/image\\\/\",\"url\":\"https:\\\/\\\/aqua-by.com\\\/wp-content\\\/uploads\\\/2018\\\/02\\\/logo-01-bleu-nuit.png\",\"contentUrl\":\"https:\\\/\\\/aqua-by.com\\\/wp-content\\\/uploads\\\/2018\\\/02\\\/logo-01-bleu-nuit.png\",\"width\":634,\"height\":325,\"caption\":\"Aqua by\"},\"image\":{\"@id\":\"https:\\\/\\\/aqua-by.com\\\/#\\\/schema\\\/logo\\\/image\\\/\"},\"sameAs\":[\"http:\\\/\\\/facebook.com\\\/aquaby\",\"http:\\\/\\\/instagram.com\\\/aqua_by\",\"https:\\\/\\\/fr.linkedin.com\\\/company\\\/aqua-by\",\"https:\\\/\\\/www.pinterest.fr\\\/aquabyparis\\\/\",\"https:\\\/\\\/www.youtube.com\\\/channel\\\/UC-loCTuRfFXbcg9QUJFVQRw\"]}]}<\/script>\n<!-- \/ Yoast SEO plugin. -->","yoast_head_json":{"title":"D\u00e9couvrez nos coachs : Brian, des s\u00e9ances d'aquabike dynamiques !","description":"Parmi nos coachs, Brian, un des premiers coachs d'aquabiking vous surprend avec dynamisme dans vos s\u00e9ances d'aquabike. R\u00e9servez votre cours avec lui !","robots":{"index":"index","follow":"follow","max-snippet":"max-snippet:-1","max-image-preview":"max-image-preview:large","max-video-preview":"max-video-preview:-1"},"canonical":"https:\/\/aqua-by.com\/en\/your-coaches\/brian\/","og_locale":"en_GB","og_type":"article","og_title":"D\u00e9couvrez nos coachs : Brian, des s\u00e9ances d'aquabike dynamiques !","og_description":"Parmi nos coachs, Brian, un des premiers coachs d'aquabiking vous surprend avec dynamisme dans vos s\u00e9ances d'aquabike. R\u00e9servez votre cours avec lui !","og_url":"https:\/\/aqua-by.com\/en\/your-coaches\/brian\/","og_site_name":"Aqua by","article_publisher":"http:\/\/facebook.com\/aquaby","article_modified_time":"2023-01-09T09:53:12+00:00","og_image":[{"url":"https:\/\/aqua-by.com\/wp-content\/uploads\/2021\/06\/brian.jpg","type":"","width":"","height":""}],"twitter_card":"summary_large_image","twitter_misc":{"Estimated reading time":"2 minutes"},"schema":{"@context":"https:\/\/schema.org","@graph":[{"@type":"WebPage","@id":"https:\/\/aqua-by.com\/vos-coachs\/brian\/","url":"https:\/\/aqua-by.com\/vos-coachs\/brian\/","name":"D\u00e9couvrez nos coachs : Brian, des s\u00e9ances d'aquabike dynamiques !","isPartOf":{"@id":"https:\/\/aqua-by.com\/#website"},"primaryImageOfPage":{"@id":"https:\/\/aqua-by.com\/vos-coachs\/brian\/#primaryimage"},"image":{"@id":"https:\/\/aqua-by.com\/vos-coachs\/brian\/#primaryimage"},"thumbnailUrl":"https:\/\/aqua-by.com\/wp-content\/uploads\/2021\/06\/brian.jpg","datePublished":"2021-01-12T15:30:55+00:00","dateModified":"2023-01-09T09:53:12+00:00","description":"Parmi nos coachs, Brian, un des premiers coachs d'aquabiking vous surprend avec dynamisme dans vos s\u00e9ances d'aquabike. R\u00e9servez votre cours avec lui !","breadcrumb":{"@id":"https:\/\/aqua-by.com\/vos-coachs\/brian\/#breadcrumb"},"inLanguage":"en-GB","potentialAction":[{"@type":"ReadAction","target":["https:\/\/aqua-by.com\/vos-coachs\/brian\/"]}]},{"@type":"ImageObject","inLanguage":"en-GB","@id":"https:\/\/aqua-by.com\/vos-coachs\/brian\/#primaryimage","url":"https:\/\/aqua-by.com\/wp-content\/uploads\/2021\/06\/brian.jpg","contentUrl":"https:\/\/aqua-by.com\/wp-content\/uploads\/2021\/06\/brian.jpg"},{"@type":"BreadcrumbList","@id":"https:\/\/aqua-by.com\/vos-coachs\/brian\/#breadcrumb","itemListElement":[{"@type":"ListItem","position":1,"name":"Accueil","item":"https:\/\/aqua-by.com\/"},{"@type":"ListItem","position":2,"name":"Vos coachs","item":"https:\/\/aqua-by.com\/vos-coachs\/"},{"@type":"ListItem","position":3,"name":"Brian"}]},{"@type":"WebSite","@id":"https:\/\/aqua-by.com\/#website","url":"https:\/\/aqua-by.com\/","name":"Aqua by","description":"Aquabiking in a different way","publisher":{"@id":"https:\/\/aqua-by.com\/#organization"},"potentialAction":[{"@type":"SearchAction","target":{"@type":"EntryPoint","urlTemplate":"https:\/\/aqua-by.com\/?s={search_term_string}"},"query-input":{"@type":"PropertyValueSpecification","valueRequired":true,"valueName":"search_term_string"}}],"inLanguage":"en-GB"},{"@type":"Organization","@id":"https:\/\/aqua-by.com\/#organization","name":"Aqua by","url":"https:\/\/aqua-by.com\/","logo":{"@type":"ImageObject","inLanguage":"en-GB","@id":"https:\/\/aqua-by.com\/#\/schema\/logo\/image\/","url":"https:\/\/aqua-by.com\/wp-content\/uploads\/2018\/02\/logo-01-bleu-nuit.png","contentUrl":"https:\/\/aqua-by.com\/wp-content\/uploads\/2018\/02\/logo-01-bleu-nuit.png","width":634,"height":325,"caption":"Aqua by"},"image":{"@id":"https:\/\/aqua-by.com\/#\/schema\/logo\/image\/"},"sameAs":["http:\/\/facebook.com\/aquaby","http:\/\/instagram.com\/aqua_by","https:\/\/fr.linkedin.com\/company\/aqua-by","https:\/\/www.pinterest.fr\/aquabyparis\/","https:\/\/www.youtube.com\/channel\/UC-loCTuRfFXbcg9QUJFVQRw"]}]}},"publishpress_future_action":{"enabled":false,"date":"2026-04-22 17:06:58","action":"change-status","newStatus":"draft","terms":[],"taxonomy":"","extraData":[]},"publishpress_future_workflow_manual_trigger":{"enabledWorkflows":[]},"_links":{"self":[{"href":"https:\/\/aqua-by.com\/en\/wp-json\/wp\/v2\/pages\/9428","targetHints":{"allow":["GET"]}}],"collection":[{"href":"https:\/\/aqua-by.com\/en\/wp-json\/wp\/v2\/pages"}],"about":[{"href":"https:\/\/aqua-by.com\/en\/wp-json\/wp\/v2\/types\/page"}],"author":[{"embeddable":true,"href":"https:\/\/aqua-by.com\/en\/wp-json\/wp\/v2\/users\/13"}],"replies":[{"embeddable":true,"href":"https:\/\/aqua-by.com\/en\/wp-json\/wp\/v2\/comments?post=9428"}],"version-history":[{"count":5,"href":"https:\/\/aqua-by.com\/en\/wp-json\/wp\/v2\/pages\/9428\/revisions"}],"predecessor-version":[{"id":22263,"href":"https:\/\/aqua-by.com\/en\/wp-json\/wp\/v2\/pages\/9428\/revisions\/22263"}],"up":[{"embeddable":true,"href":"https:\/\/aqua-by.com\/en\/wp-json\/wp\/v2\/pages\/9037"}],"wp:attachment":[{"href":"https:\/\/aqua-by.com\/en\/wp-json\/wp\/v2\/media?parent=9428"}],"curies":[{"name":"wp","href":"https:\/\/api.w.org\/{rel}","templated":true}]}}