{"id":9037,"date":"2020-12-20T17:08:42","date_gmt":"2020-12-20T16:08:42","guid":{"rendered":"https:\/\/aqua-by.com\/?page_id=9037"},"modified":"2025-11-21T16:37:12","modified_gmt":"2025-11-21T15:37:12","slug":"your-coaches","status":"publish","type":"page","link":"https:\/\/aqua-by.com\/en\/your-coaches\/","title":{"rendered":"Your coaches"},"content":{"rendered":"<div data-elementor-type=\"wp-page\" data-elementor-id=\"9037\" class=\"elementor elementor-9037\" data-elementor-post-type=\"page\">\n\t\t\t\t\t\t<section class=\"elementor-section elementor-top-section elementor-element elementor-element-c8ca171 elementor-section-height-min-height elementor-hidden-desktop elementor-hidden-tablet elementor-hidden-mobile elementor-section-boxed elementor-section-height-default elementor-section-items-middle\" data-id=\"c8ca171\" data-element_type=\"section\" data-e-type=\"section\" data-settings=\"{&quot;background_background&quot;:&quot;classic&quot;}\">\n\t\t\t\t\t\t<div class=\"elementor-container elementor-column-gap-default\">\n\t\t\t\t\t<div class=\"elementor-column elementor-col-100 elementor-top-column elementor-element elementor-element-fa610b1\" data-id=\"fa610b1\" data-element_type=\"column\" data-e-type=\"column\">\n\t\t\t<div class=\"elementor-widget-wrap elementor-element-populated\">\n\t\t\t\t\t\t<div class=\"elementor-element elementor-element-c10bd3e elementor-widget elementor-widget-heading\" data-id=\"c10bd3e\" data-element_type=\"widget\" data-e-type=\"widget\" data-widget_type=\"heading.default\">\n\t\t\t\t<div class=\"elementor-widget-container\">\n\t\t\t\t\t<h1 class=\"elementor-heading-title elementor-size-default\">Your coaches<\/h1>\t\t\t\t<\/div>\n\t\t\t\t<\/div>\n\t\t\t\t\t<\/div>\n\t\t<\/div>\n\t\t\t\t\t<\/div>\n\t\t<\/section>\n\t\t\t\t<section class=\"elementor-section elementor-top-section elementor-element elementor-element-1c111a1 elementor-section-boxed elementor-section-height-default elementor-section-height-default\" data-id=\"1c111a1\" data-element_type=\"section\" data-e-type=\"section\">\n\t\t\t\t\t\t<div class=\"elementor-container elementor-column-gap-default\">\n\t\t\t\t\t<div class=\"elementor-column elementor-col-100 elementor-top-column elementor-element elementor-element-15bc11c\" data-id=\"15bc11c\" data-element_type=\"column\" data-e-type=\"column\">\n\t\t\t<div class=\"elementor-widget-wrap elementor-element-populated\">\n\t\t\t\t\t\t<div class=\"elementor-element elementor-element-023d6c1 elementor-widget elementor-widget-heading\" data-id=\"023d6c1\" data-element_type=\"widget\" data-e-type=\"widget\" data-widget_type=\"heading.default\">\n\t\t\t\t<div class=\"elementor-widget-container\">\n\t\t\t\t\t<h2 class=\"elementor-heading-title elementor-size-default\">Our coaches<\/h2>\t\t\t\t<\/div>\n\t\t\t\t<\/div>\n\t\t\t\t<div class=\"elementor-element elementor-element-3371ca4 elementor-widget elementor-widget-text-editor\" data-id=\"3371ca4\" data-element_type=\"widget\" data-e-type=\"widget\" data-widget_type=\"text-editor.default\">\n\t\t\t\t<div class=\"elementor-widget-container\">\n\t\t\t\t\t\t\t\t\t<p>Discover the profiles of the coaches who will set the pace for your sessions!<\/p>\t\t\t\t\t\t\t\t<\/div>\n\t\t\t\t<\/div>\n\t\t\t\t\t<\/div>\n\t\t<\/div>\n\t\t\t\t\t<\/div>\n\t\t<\/section>\n\t\t<div class=\"elementor-element elementor-element-f144360 e-flex e-con-boxed e-con e-parent\" data-id=\"f144360\" data-element_type=\"container\" data-e-type=\"container\">\n\t\t\t\t\t<div class=\"e-con-inner\">\n\t\t<div class=\"elementor-element elementor-element-cd3cfbf e-con-full e-flex e-con e-child\" data-id=\"cd3cfbf\" data-element_type=\"container\" data-e-type=\"container\">\n\t\t<a class=\"elementor-element elementor-element-05a43a9 e-con-full e-flex e-con e-child\" data-id=\"05a43a9\" data-element_type=\"container\" data-e-type=\"container\" data-settings=\"{&quot;background_background&quot;:&quot;classic&quot;}\" href=\"https:\/\/aqua-by.com\/en\/your-coaches\/brian\/\">\n\t\t\t\t<div class=\"elementor-element elementor-element-7e4420d elementor-widget elementor-widget-spacer\" data-id=\"7e4420d\" data-element_type=\"widget\" data-e-type=\"widget\" data-widget_type=\"spacer.default\">\n\t\t\t\t<div class=\"elementor-widget-container\">\n\t\t\t\t\t\t\t<div class=\"elementor-spacer\">\n\t\t\t<div class=\"elementor-spacer-inner\"><\/div>\n\t\t<\/div>\n\t\t\t\t\t\t<\/div>\n\t\t\t\t<\/div>\n\t\t\t\t<\/a>\n\t\t<a class=\"elementor-element elementor-element-a05525b e-con-full e-flex e-con e-child\" data-id=\"a05525b\" data-element_type=\"container\" data-e-type=\"container\" data-settings=\"{&quot;background_background&quot;:&quot;classic&quot;}\" href=\"https:\/\/aqua-by.com\/en\/your-coaches\/hugo\/\">\n\t\t\t\t<div class=\"elementor-element elementor-element-6423237 elementor-widget elementor-widget-spacer\" data-id=\"6423237\" data-element_type=\"widget\" data-e-type=\"widget\" data-widget_type=\"spacer.default\">\n\t\t\t\t<div class=\"elementor-widget-container\">\n\t\t\t\t\t\t\t<div class=\"elementor-spacer\">\n\t\t\t<div class=\"elementor-spacer-inner\"><\/div>\n\t\t<\/div>\n\t\t\t\t\t\t<\/div>\n\t\t\t\t<\/div>\n\t\t\t\t<\/a>\n\t\t<a class=\"elementor-element elementor-element-37ed33e e-con-full e-flex e-con e-child\" data-id=\"37ed33e\" data-element_type=\"container\" data-e-type=\"container\" data-settings=\"{&quot;background_background&quot;:&quot;classic&quot;}\" href=\"https:\/\/aqua-by.com\/en\/your-coaches\/victor\/\">\n\t\t\t\t<div class=\"elementor-element elementor-element-fcd59f5 elementor-widget elementor-widget-spacer\" data-id=\"fcd59f5\" data-element_type=\"widget\" data-e-type=\"widget\" data-widget_type=\"spacer.default\">\n\t\t\t\t<div class=\"elementor-widget-container\">\n\t\t\t\t\t\t\t<div class=\"elementor-spacer\">\n\t\t\t<div class=\"elementor-spacer-inner\"><\/div>\n\t\t<\/div>\n\t\t\t\t\t\t<\/div>\n\t\t\t\t<\/div>\n\t\t\t\t<\/a>\n\t\t<a class=\"elementor-element elementor-element-69328d4 e-con-full e-flex e-con e-child\" data-id=\"69328d4\" data-element_type=\"container\" data-e-type=\"container\" data-settings=\"{&quot;background_background&quot;:&quot;classic&quot;}\" href=\"https:\/\/aqua-by.com\/en\/your-coaches\/noemie\/\">\n\t\t\t\t<div class=\"elementor-element elementor-element-7cc757d elementor-widget elementor-widget-spacer\" data-id=\"7cc757d\" data-element_type=\"widget\" data-e-type=\"widget\" data-widget_type=\"spacer.default\">\n\t\t\t\t<div class=\"elementor-widget-container\">\n\t\t\t\t\t\t\t<div class=\"elementor-spacer\">\n\t\t\t<div class=\"elementor-spacer-inner\"><\/div>\n\t\t<\/div>\n\t\t\t\t\t\t<\/div>\n\t\t\t\t<\/div>\n\t\t\t\t<\/a>\n\t\t\t\t<\/div>\n\t\t<div class=\"elementor-element elementor-element-9f5bed1 e-con-full e-flex e-con e-child\" data-id=\"9f5bed1\" data-element_type=\"container\" data-e-type=\"container\">\n\t\t<a class=\"elementor-element elementor-element-53d68f6 e-con-full e-flex e-con e-child\" data-id=\"53d68f6\" data-element_type=\"container\" data-e-type=\"container\" data-settings=\"{&quot;background_background&quot;:&quot;classic&quot;}\" href=\"https:\/\/aqua-by.com\/en\/your-coaches\/adrien\/\">\n\t\t\t\t<div class=\"elementor-element elementor-element-4ac6e50 elementor-widget elementor-widget-spacer\" data-id=\"4ac6e50\" data-element_type=\"widget\" data-e-type=\"widget\" data-widget_type=\"spacer.default\">\n\t\t\t\t<div class=\"elementor-widget-container\">\n\t\t\t\t\t\t\t<div class=\"elementor-spacer\">\n\t\t\t<div class=\"elementor-spacer-inner\"><\/div>\n\t\t<\/div>\n\t\t\t\t\t\t<\/div>\n\t\t\t\t<\/div>\n\t\t\t\t<\/a>\n\t\t<a class=\"elementor-element elementor-element-5021629 e-con-full e-flex e-con e-child\" data-id=\"5021629\" data-element_type=\"container\" data-e-type=\"container\" data-settings=\"{&quot;background_background&quot;:&quot;classic&quot;}\" href=\"https:\/\/aqua-by.com\/en\/your-coaches\/ulrik\/\">\n\t\t\t\t<div class=\"elementor-element elementor-element-cfa5bda elementor-widget elementor-widget-spacer\" data-id=\"cfa5bda\" data-element_type=\"widget\" data-e-type=\"widget\" data-widget_type=\"spacer.default\">\n\t\t\t\t<div class=\"elementor-widget-container\">\n\t\t\t\t\t\t\t<div class=\"elementor-spacer\">\n\t\t\t<div class=\"elementor-spacer-inner\"><\/div>\n\t\t<\/div>\n\t\t\t\t\t\t<\/div>\n\t\t\t\t<\/div>\n\t\t\t\t<\/a>\n\t\t<a class=\"elementor-element elementor-element-92cd661 e-con-full e-flex e-con e-child\" data-id=\"92cd661\" data-element_type=\"container\" data-e-type=\"container\" data-settings=\"{&quot;background_background&quot;:&quot;classic&quot;}\" href=\"https:\/\/aqua-by.com\/en\/your-coaches\/ismael\/\">\n\t\t\t\t<div class=\"elementor-element elementor-element-7753905 elementor-widget elementor-widget-spacer\" data-id=\"7753905\" data-element_type=\"widget\" data-e-type=\"widget\" data-widget_type=\"spacer.default\">\n\t\t\t\t<div class=\"elementor-widget-container\">\n\t\t\t\t\t\t\t<div class=\"elementor-spacer\">\n\t\t\t<div class=\"elementor-spacer-inner\"><\/div>\n\t\t<\/div>\n\t\t\t\t\t\t<\/div>\n\t\t\t\t<\/div>\n\t\t\t\t<\/a>\n\t\t<a class=\"elementor-element elementor-element-f32f822 e-con-full e-flex e-con e-child\" data-id=\"f32f822\" data-element_type=\"container\" data-e-type=\"container\" data-settings=\"{&quot;background_background&quot;:&quot;classic&quot;}\" href=\"https:\/\/aqua-by.com\/en\/your-coaches\/laurie\/\">\n\t\t\t\t<div class=\"elementor-element elementor-element-076e1d0 elementor-widget elementor-widget-spacer\" data-id=\"076e1d0\" data-element_type=\"widget\" data-e-type=\"widget\" data-widget_type=\"spacer.default\">\n\t\t\t\t<div class=\"elementor-widget-container\">\n\t\t\t\t\t\t\t<div class=\"elementor-spacer\">\n\t\t\t<div class=\"elementor-spacer-inner\"><\/div>\n\t\t<\/div>\n\t\t\t\t\t\t<\/div>\n\t\t\t\t<\/div>\n\t\t\t\t<\/a>\n\t\t\t\t<\/div>\n\t\t<div class=\"elementor-element elementor-element-0a87eff e-con-full e-flex e-con e-child\" data-id=\"0a87eff\" data-element_type=\"container\" data-e-type=\"container\">\n\t\t<a class=\"elementor-element elementor-element-8fbecd0 e-con-full e-flex e-con e-child\" data-id=\"8fbecd0\" data-element_type=\"container\" data-e-type=\"container\" data-settings=\"{&quot;background_background&quot;:&quot;classic&quot;}\" href=\"https:\/\/aqua-by.com\/en\/your-coaches\/aurelien\/\">\n\t\t\t\t<div class=\"elementor-element elementor-element-46acdb8 elementor-widget elementor-widget-spacer\" data-id=\"46acdb8\" data-element_type=\"widget\" data-e-type=\"widget\" data-widget_type=\"spacer.default\">\n\t\t\t\t<div class=\"elementor-widget-container\">\n\t\t\t\t\t\t\t<div class=\"elementor-spacer\">\n\t\t\t<div class=\"elementor-spacer-inner\"><\/div>\n\t\t<\/div>\n\t\t\t\t\t\t<\/div>\n\t\t\t\t<\/div>\n\t\t\t\t<\/a>\n\t\t<a class=\"elementor-element elementor-element-7a096d6 e-con-full e-flex e-con e-child\" data-id=\"7a096d6\" data-element_type=\"container\" data-e-type=\"container\" data-settings=\"{&quot;background_background&quot;:&quot;classic&quot;}\" href=\"https:\/\/aqua-by.com\/en\/your-coaches\/serena\/\">\n\t\t\t\t<div class=\"elementor-element elementor-element-4b300ae elementor-widget elementor-widget-spacer\" data-id=\"4b300ae\" data-element_type=\"widget\" data-e-type=\"widget\" data-widget_type=\"spacer.default\">\n\t\t\t\t<div class=\"elementor-widget-container\">\n\t\t\t\t\t\t\t<div class=\"elementor-spacer\">\n\t\t\t<div class=\"elementor-spacer-inner\"><\/div>\n\t\t<\/div>\n\t\t\t\t\t\t<\/div>\n\t\t\t\t<\/div>\n\t\t\t\t<\/a>\n\t\t<a class=\"elementor-element elementor-element-6fd16be e-con-full e-flex e-con e-child\" data-id=\"6fd16be\" data-element_type=\"container\" data-e-type=\"container\" data-settings=\"{&quot;background_background&quot;:&quot;classic&quot;}\" href=\"https:\/\/aqua-by.com\/en\/your-coaches\/mederic\/\">\n\t\t\t\t<div class=\"elementor-element elementor-element-fc1052c elementor-widget elementor-widget-spacer\" data-id=\"fc1052c\" data-element_type=\"widget\" data-e-type=\"widget\" data-widget_type=\"spacer.default\">\n\t\t\t\t<div class=\"elementor-widget-container\">\n\t\t\t\t\t\t\t<div class=\"elementor-spacer\">\n\t\t\t<div class=\"elementor-spacer-inner\"><\/div>\n\t\t<\/div>\n\t\t\t\t\t\t<\/div>\n\t\t\t\t<\/div>\n\t\t\t\t<\/a>\n\t\t\t\t<\/div>\n\t\t\t\t\t<\/div>\n\t\t\t\t<\/div>\n\t\t\t\t<\/div>","protected":false},"excerpt":{"rendered":"<p>Vos coachs Nos Coachs D\u00e9couvrez les profils des coachs qui rythment vos sessions !<\/p>","protected":false},"author":13,"featured_media":21226,"parent":0,"menu_order":0,"comment_status":"closed","ping_status":"closed","template":"elementor_header_footer","meta":{"_acf_changed":false,"footnotes":""},"class_list":["post-9037","page","type-page","status-publish","has-post-thumbnail","hentry"],"acf":[],"yoast_head":"<!-- This site is optimized with the Yoast SEO plugin v27.4 - https:\/\/yoast.com\/product\/yoast-seo-wordpress\/ -->\n<title>D\u00e9couvrez les coachs qui vous accompagnent pendant vos sessions !<\/title>\n<meta name=\"description\" content=\"Chez Aqua by diff\u00e9rents coachs vous accompagnent durant vos s\u00e9ances d&#039;aquabike. Trouvez celui ou celle qui vous correspond et jetez-vous \u00e0 l&#039;eau !\" \/>\n<meta name=\"robots\" content=\"index, follow, max-snippet:-1, max-image-preview:large, max-video-preview:-1\" \/>\n<link rel=\"canonical\" href=\"https:\/\/aqua-by.com\/en\/your-coaches\/\" \/>\n<meta property=\"og:locale\" content=\"en_GB\" \/>\n<meta property=\"og:type\" content=\"article\" \/>\n<meta property=\"og:title\" content=\"D\u00e9couvrez les coachs qui vous accompagnent pendant vos sessions !\" \/>\n<meta property=\"og:description\" content=\"Chez Aqua by diff\u00e9rents coachs vous accompagnent durant vos s\u00e9ances d&#039;aquabike. Trouvez celui ou celle qui vous correspond et jetez-vous \u00e0 l&#039;eau !\" \/>\n<meta property=\"og:url\" content=\"https:\/\/aqua-by.com\/en\/your-coaches\/\" \/>\n<meta property=\"og:site_name\" content=\"Aqua by\" \/>\n<meta property=\"article:publisher\" content=\"http:\/\/facebook.com\/aquaby\" \/>\n<meta property=\"article:modified_time\" content=\"2025-11-21T15:37:12+00:00\" \/>\n<meta property=\"og:image\" content=\"https:\/\/aqua-by.com\/wp-content\/uploads\/2022\/09\/SELECTION_AQUA_BY_LOW_DEF_70\ufffd_FULLFRAME-09718-scaled.jpg\" \/>\n\t<meta property=\"og:image:width\" content=\"2560\" \/>\n\t<meta property=\"og:image:height\" content=\"1707\" \/>\n\t<meta property=\"og:image:type\" content=\"image\/jpeg\" \/>\n<meta name=\"twitter:card\" content=\"summary_large_image\" \/>\n<meta name=\"twitter:label1\" content=\"Estimated reading time\" \/>\n\t<meta name=\"twitter:data1\" content=\"1 minute\" \/>\n<script type=\"application\/ld+json\" class=\"yoast-schema-graph\">{\"@context\":\"https:\\\/\\\/schema.org\",\"@graph\":[{\"@type\":\"WebPage\",\"@id\":\"https:\\\/\\\/aqua-by.com\\\/vos-coachs\\\/\",\"url\":\"https:\\\/\\\/aqua-by.com\\\/vos-coachs\\\/\",\"name\":\"D\u00e9couvrez les coachs qui vous accompagnent pendant vos sessions !\",\"isPartOf\":{\"@id\":\"https:\\\/\\\/aqua-by.com\\\/#website\"},\"primaryImageOfPage\":{\"@id\":\"https:\\\/\\\/aqua-by.com\\\/vos-coachs\\\/#primaryimage\"},\"image\":{\"@id\":\"https:\\\/\\\/aqua-by.com\\\/vos-coachs\\\/#primaryimage\"},\"thumbnailUrl\":\"https:\\\/\\\/aqua-by.com\\\/wp-content\\\/uploads\\\/2022\\\/09\\\/SELECTION_AQUA_BY_LOW_DEF_70\ufffd_FULLFRAME-09718-scaled.jpg\",\"datePublished\":\"2020-12-20T16:08:42+00:00\",\"dateModified\":\"2025-11-21T15:37:12+00:00\",\"description\":\"Chez Aqua by diff\u00e9rents coachs vous accompagnent durant vos s\u00e9ances d'aquabike. Trouvez celui ou celle qui vous correspond et jetez-vous \u00e0 l'eau !\",\"breadcrumb\":{\"@id\":\"https:\\\/\\\/aqua-by.com\\\/vos-coachs\\\/#breadcrumb\"},\"inLanguage\":\"en-GB\",\"potentialAction\":[{\"@type\":\"ReadAction\",\"target\":[\"https:\\\/\\\/aqua-by.com\\\/vos-coachs\\\/\"]}]},{\"@type\":\"ImageObject\",\"inLanguage\":\"en-GB\",\"@id\":\"https:\\\/\\\/aqua-by.com\\\/vos-coachs\\\/#primaryimage\",\"url\":\"https:\\\/\\\/aqua-by.com\\\/wp-content\\\/uploads\\\/2022\\\/09\\\/SELECTION_AQUA_BY_LOW_DEF_70\ufffd_FULLFRAME-09718-scaled.jpg\",\"contentUrl\":\"https:\\\/\\\/aqua-by.com\\\/wp-content\\\/uploads\\\/2022\\\/09\\\/SELECTION_AQUA_BY_LOW_DEF_70\ufffd_FULLFRAME-09718-scaled.jpg\",\"width\":2560,\"height\":1707},{\"@type\":\"BreadcrumbList\",\"@id\":\"https:\\\/\\\/aqua-by.com\\\/vos-coachs\\\/#breadcrumb\",\"itemListElement\":[{\"@type\":\"ListItem\",\"position\":1,\"name\":\"Accueil\",\"item\":\"https:\\\/\\\/aqua-by.com\\\/\"},{\"@type\":\"ListItem\",\"position\":2,\"name\":\"Vos coachs\"}]},{\"@type\":\"WebSite\",\"@id\":\"https:\\\/\\\/aqua-by.com\\\/#website\",\"url\":\"https:\\\/\\\/aqua-by.com\\\/\",\"name\":\"Aqua by\",\"description\":\"L&#039;aquabiking autrement\",\"publisher\":{\"@id\":\"https:\\\/\\\/aqua-by.com\\\/#organization\"},\"potentialAction\":[{\"@type\":\"SearchAction\",\"target\":{\"@type\":\"EntryPoint\",\"urlTemplate\":\"https:\\\/\\\/aqua-by.com\\\/?s={search_term_string}\"},\"query-input\":{\"@type\":\"PropertyValueSpecification\",\"valueRequired\":true,\"valueName\":\"search_term_string\"}}],\"inLanguage\":\"en-GB\"},{\"@type\":\"Organization\",\"@id\":\"https:\\\/\\\/aqua-by.com\\\/#organization\",\"name\":\"Aqua by\",\"url\":\"https:\\\/\\\/aqua-by.com\\\/\",\"logo\":{\"@type\":\"ImageObject\",\"inLanguage\":\"en-GB\",\"@id\":\"https:\\\/\\\/aqua-by.com\\\/#\\\/schema\\\/logo\\\/image\\\/\",\"url\":\"https:\\\/\\\/aqua-by.com\\\/wp-content\\\/uploads\\\/2018\\\/02\\\/logo-01-bleu-nuit.png\",\"contentUrl\":\"https:\\\/\\\/aqua-by.com\\\/wp-content\\\/uploads\\\/2018\\\/02\\\/logo-01-bleu-nuit.png\",\"width\":634,\"height\":325,\"caption\":\"Aqua by\"},\"image\":{\"@id\":\"https:\\\/\\\/aqua-by.com\\\/#\\\/schema\\\/logo\\\/image\\\/\"},\"sameAs\":[\"http:\\\/\\\/facebook.com\\\/aquaby\",\"http:\\\/\\\/instagram.com\\\/aqua_by\",\"https:\\\/\\\/fr.linkedin.com\\\/company\\\/aqua-by\",\"https:\\\/\\\/www.pinterest.fr\\\/aquabyparis\\\/\",\"https:\\\/\\\/www.youtube.com\\\/channel\\\/UC-loCTuRfFXbcg9QUJFVQRw\"]}]}<\/script>\n<!-- \/ Yoast SEO plugin. -->","yoast_head_json":{"title":"Find out more about the coaches who will be accompanying you during your sessions!","description":"At Aqua by, you'll find a range of different coaches to support you during your aquabike sessions. Find the one that's right for you and take to the water!","robots":{"index":"index","follow":"follow","max-snippet":"max-snippet:-1","max-image-preview":"max-image-preview:large","max-video-preview":"max-video-preview:-1"},"canonical":"https:\/\/aqua-by.com\/en\/your-coaches\/","og_locale":"en_GB","og_type":"article","og_title":"D\u00e9couvrez les coachs qui vous accompagnent pendant vos sessions !","og_description":"Chez Aqua by diff\u00e9rents coachs vous accompagnent durant vos s\u00e9ances d'aquabike. Trouvez celui ou celle qui vous correspond et jetez-vous \u00e0 l'eau !","og_url":"https:\/\/aqua-by.com\/en\/your-coaches\/","og_site_name":"Aqua by","article_publisher":"http:\/\/facebook.com\/aquaby","article_modified_time":"2025-11-21T15:37:12+00:00","og_image":[{"width":2560,"height":1707,"url":"https:\/\/aqua-by.com\/wp-content\/uploads\/2022\/09\/SELECTION_AQUA_BY_LOW_DEF_70\ufffd_FULLFRAME-09718-scaled.jpg","type":"image\/jpeg"}],"twitter_card":"summary_large_image","twitter_misc":{"Estimated reading time":"1 minute"},"schema":{"@context":"https:\/\/schema.org","@graph":[{"@type":"WebPage","@id":"https:\/\/aqua-by.com\/vos-coachs\/","url":"https:\/\/aqua-by.com\/vos-coachs\/","name":"Find out more about the coaches who will be accompanying you during your sessions!","isPartOf":{"@id":"https:\/\/aqua-by.com\/#website"},"primaryImageOfPage":{"@id":"https:\/\/aqua-by.com\/vos-coachs\/#primaryimage"},"image":{"@id":"https:\/\/aqua-by.com\/vos-coachs\/#primaryimage"},"thumbnailUrl":"https:\/\/aqua-by.com\/wp-content\/uploads\/2022\/09\/SELECTION_AQUA_BY_LOW_DEF_70\ufffd_FULLFRAME-09718-scaled.jpg","datePublished":"2020-12-20T16:08:42+00:00","dateModified":"2025-11-21T15:37:12+00:00","description":"At Aqua by, you'll find a range of different coaches to support you during your aquabike sessions. Find the one that's right for you and take to the water!","breadcrumb":{"@id":"https:\/\/aqua-by.com\/vos-coachs\/#breadcrumb"},"inLanguage":"en-GB","potentialAction":[{"@type":"ReadAction","target":["https:\/\/aqua-by.com\/vos-coachs\/"]}]},{"@type":"ImageObject","inLanguage":"en-GB","@id":"https:\/\/aqua-by.com\/vos-coachs\/#primaryimage","url":"https:\/\/aqua-by.com\/wp-content\/uploads\/2022\/09\/SELECTION_AQUA_BY_LOW_DEF_70\ufffd_FULLFRAME-09718-scaled.jpg","contentUrl":"https:\/\/aqua-by.com\/wp-content\/uploads\/2022\/09\/SELECTION_AQUA_BY_LOW_DEF_70\ufffd_FULLFRAME-09718-scaled.jpg","width":2560,"height":1707},{"@type":"BreadcrumbList","@id":"https:\/\/aqua-by.com\/vos-coachs\/#breadcrumb","itemListElement":[{"@type":"ListItem","position":1,"name":"Accueil","item":"https:\/\/aqua-by.com\/"},{"@type":"ListItem","position":2,"name":"Vos coachs"}]},{"@type":"WebSite","@id":"https:\/\/aqua-by.com\/#website","url":"https:\/\/aqua-by.com\/","name":"Aqua by","description":"Aquabiking in a different way","publisher":{"@id":"https:\/\/aqua-by.com\/#organization"},"potentialAction":[{"@type":"SearchAction","target":{"@type":"EntryPoint","urlTemplate":"https:\/\/aqua-by.com\/?s={search_term_string}"},"query-input":{"@type":"PropertyValueSpecification","valueRequired":true,"valueName":"search_term_string"}}],"inLanguage":"en-GB"},{"@type":"Organization","@id":"https:\/\/aqua-by.com\/#organization","name":"Aqua by","url":"https:\/\/aqua-by.com\/","logo":{"@type":"ImageObject","inLanguage":"en-GB","@id":"https:\/\/aqua-by.com\/#\/schema\/logo\/image\/","url":"https:\/\/aqua-by.com\/wp-content\/uploads\/2018\/02\/logo-01-bleu-nuit.png","contentUrl":"https:\/\/aqua-by.com\/wp-content\/uploads\/2018\/02\/logo-01-bleu-nuit.png","width":634,"height":325,"caption":"Aqua by"},"image":{"@id":"https:\/\/aqua-by.com\/#\/schema\/logo\/image\/"},"sameAs":["http:\/\/facebook.com\/aquaby","http:\/\/instagram.com\/aqua_by","https:\/\/fr.linkedin.com\/company\/aqua-by","https:\/\/www.pinterest.fr\/aquabyparis\/","https:\/\/www.youtube.com\/channel\/UC-loCTuRfFXbcg9QUJFVQRw"]}]}},"publishpress_future_action":{"enabled":false,"date":"2026-04-22 16:57:25","action":"change-status","newStatus":"draft","terms":[],"taxonomy":"","extraData":[]},"publishpress_future_workflow_manual_trigger":{"enabledWorkflows":[]},"_links":{"self":[{"href":"https:\/\/aqua-by.com\/en\/wp-json\/wp\/v2\/pages\/9037","targetHints":{"allow":["GET"]}}],"collection":[{"href":"https:\/\/aqua-by.com\/en\/wp-json\/wp\/v2\/pages"}],"about":[{"href":"https:\/\/aqua-by.com\/en\/wp-json\/wp\/v2\/types\/page"}],"author":[{"embeddable":true,"href":"https:\/\/aqua-by.com\/en\/wp-json\/wp\/v2\/users\/13"}],"replies":[{"embeddable":true,"href":"https:\/\/aqua-by.com\/en\/wp-json\/wp\/v2\/comments?post=9037"}],"version-history":[{"count":3,"href":"https:\/\/aqua-by.com\/en\/wp-json\/wp\/v2\/pages\/9037\/revisions"}],"predecessor-version":[{"id":31128,"href":"https:\/\/aqua-by.com\/en\/wp-json\/wp\/v2\/pages\/9037\/revisions\/31128"}],"wp:featuredmedia":[{"embeddable":true,"href":"https:\/\/aqua-by.com\/en\/wp-json\/wp\/v2\/media\/21226"}],"wp:attachment":[{"href":"https:\/\/aqua-by.com\/en\/wp-json\/wp\/v2\/media?parent=9037"}],"curies":[{"name":"wp","href":"https:\/\/api.w.org\/{rel}","templated":true}]}}