{"id":7158,"date":"2019-12-06T14:51:35","date_gmt":"2019-12-06T13:51:35","guid":{"rendered":"https:\/\/aqua-by.com\/?page_id=7158"},"modified":"2023-03-21T11:37:17","modified_gmt":"2023-03-21T10:37:17","slug":"tout-ce-quil-faut-savoir-sur-un-cours-daquabike","status":"publish","type":"page","link":"https:\/\/aqua-by.com\/en\/aquabike\/tout-ce-quil-faut-savoir-sur-un-cours-daquabike\/","title":{"rendered":"Everything you need to know about an aquabike course"},"content":{"rendered":"<h2><b>How does an aquabike class take place?<\/b><\/h2>\n<p>Aquabiking is a gentle sport that is suitable for all types of athletes: <a href=\"https:\/\/aqua-by.com\/en\/aquabike\/aquabiking-conseils\/\">beginner<\/a> to the most experienced!<\/p>\n<p>Whatever your level, if you have never tried this dynamic activity, you may be wondering how an aquabike lesson actually works?<\/p>\n<p>Don&#039;t worry! You won&#039;t be left without an answer: the Aqua by team will explain everything to you! When you arrive for the very first time in the<a href=\"https:\/\/aqua-by.com\/en\/the-concept\/\"> studio Aqua by<\/a> (in Bastille, Charonne or R\u00e9aumur), our team will take the time to explain to you how the session will take place, but also to give you valuable advice.<\/p>\n<p>Your first session of<a href=\"https:\/\/aqua-by.com\/en\/aquabike-paris\/\">aquabike<\/a> is in a few days and you are impatient? Don&#039;t panic, we will give you some answers to reassure you! After all, at Aqua by, we believe that support is the key to success.<\/p>\n<p>Once you have put on your swimsuit, you can enter the pool to warm up. Listen carefully to your coach&#039;s advice, because the warm-up is a very important step.<\/p>\n<p>When the warm-up is complete, you will climb onto <a href=\"https:\/\/aqua-by.com\/en\/aquabike\/les-aquabike-3-niveaux-de-resistance\/\">aquabike<\/a> and you will start pedaling. At the very beginning of the session, the intensity is medium. But the more the session progresses, the more intense the pedaling will become. Once the maximum intensity is reached, the music will become softer: this is when the return to calm begins. Finally, before getting out of the pool, the coach will ask you to stretch well in order to finish the session gently while taking care of your joints, muscles and tendons.<\/p>\n<p>For 45 minutes, to the sound of lively music, you will have worked every part of your body! Isn&#039;t life beautiful? \u2600\ufe0f<\/p>\n<p>To boost the effectiveness of the session, your coach will ask you to use some accessories provided by Aqua by during the exercises. On the program: 0.5, 1 and 1.5 kg dumbbells as well as foam dumbbells. The latter are only to be used in the pool water. Finally, we will also provide you with 3 elastic bands, very practical for stretching exercises.<\/p>\n<p>The description of our<a href=\"https:\/\/aqua-by.com\/en\/daquabiking-courses-at-the-best-prices\/\">\u00a0aquabike lessons\u00a0<\/a>makes you want to? We are just waiting for you to jump in the water!<\/p>","protected":false},"excerpt":{"rendered":"<p>Comment se d\u00e9roule un cours d\u2019aquabike ? L\u2019aquabiking est un sport doux qui est adapt\u00e9 \u00e0 tous les profils de sportifs : du d\u00e9butant au plus chevronn\u00e9 ! Quel que soit votre niveau, si vous n\u2019avez jamais test\u00e9 cette activit\u00e9 dynamique, vous vous demandez peut-\u00eatre comment se d\u00e9roule concr\u00e8tement un cours d\u2019aquabike ? Rassurez-vous ! [&hellip;]<\/p>\n","protected":false},"author":1,"featured_media":0,"parent":7147,"menu_order":0,"comment_status":"closed","ping_status":"closed","template":"","meta":{"_acf_changed":false,"footnotes":""},"class_list":["post-7158","page","type-page","status-publish","hentry"],"acf":[],"yoast_head":"<!-- This site is optimized with the Yoast SEO plugin v27.3 - https:\/\/yoast.com\/product\/yoast-seo-wordpress\/ -->\n<title>Tout ce qu\u2019il faut savoir sur un cours d\u2019aquabike - Aqua by<\/title>\n<meta name=\"description\" content=\"Quel que soit votre niveau, si vous n\u2019avez jamais test\u00e9 cette activit\u00e9 dynamique, vous vous demandez peut-\u00eatre comment elle se d\u00e9roule ?\" \/>\n<meta name=\"robots\" content=\"index, follow, max-snippet:-1, max-image-preview:large, max-video-preview:-1\" \/>\n<link rel=\"canonical\" href=\"https:\/\/aqua-by.com\/en\/aquabike\/tout-ce-quil-faut-savoir-sur-un-cours-daquabike\/\" \/>\n<meta property=\"og:locale\" content=\"en_GB\" \/>\n<meta property=\"og:type\" content=\"article\" \/>\n<meta property=\"og:title\" content=\"Tout ce qu\u2019il faut savoir sur un cours d\u2019aquabike - Aqua by\" \/>\n<meta property=\"og:description\" content=\"Quel que soit votre niveau, si vous n\u2019avez jamais test\u00e9 cette activit\u00e9 dynamique, vous vous demandez peut-\u00eatre comment elle se d\u00e9roule ?\" \/>\n<meta property=\"og:url\" content=\"https:\/\/aqua-by.com\/en\/aquabike\/tout-ce-quil-faut-savoir-sur-un-cours-daquabike\/\" \/>\n<meta property=\"og:site_name\" content=\"Aqua by\" \/>\n<meta property=\"article:publisher\" content=\"http:\/\/facebook.com\/aquaby\" \/>\n<meta property=\"article:modified_time\" content=\"2023-03-21T10:37:17+00:00\" \/>\n<meta name=\"twitter:card\" content=\"summary_large_image\" \/>\n<meta name=\"twitter:label1\" content=\"Estimated reading time\" \/>\n\t<meta name=\"twitter:data1\" content=\"2 minutes\" \/>\n<script type=\"application\/ld+json\" class=\"yoast-schema-graph\">{\"@context\":\"https:\\\/\\\/schema.org\",\"@graph\":[{\"@type\":\"WebPage\",\"@id\":\"https:\\\/\\\/aqua-by.com\\\/aquabike\\\/tout-ce-quil-faut-savoir-sur-un-cours-daquabike\\\/\",\"url\":\"https:\\\/\\\/aqua-by.com\\\/aquabike\\\/tout-ce-quil-faut-savoir-sur-un-cours-daquabike\\\/\",\"name\":\"Tout ce qu\u2019il faut savoir sur un cours d\u2019aquabike - Aqua by\",\"isPartOf\":{\"@id\":\"https:\\\/\\\/aqua-by.com\\\/#website\"},\"datePublished\":\"2019-12-06T13:51:35+00:00\",\"dateModified\":\"2023-03-21T10:37:17+00:00\",\"description\":\"Quel que soit votre niveau, si vous n\u2019avez jamais test\u00e9 cette activit\u00e9 dynamique, vous vous demandez peut-\u00eatre comment elle se d\u00e9roule ?\",\"breadcrumb\":{\"@id\":\"https:\\\/\\\/aqua-by.com\\\/aquabike\\\/tout-ce-quil-faut-savoir-sur-un-cours-daquabike\\\/#breadcrumb\"},\"inLanguage\":\"en-GB\",\"potentialAction\":[{\"@type\":\"ReadAction\",\"target\":[\"https:\\\/\\\/aqua-by.com\\\/aquabike\\\/tout-ce-quil-faut-savoir-sur-un-cours-daquabike\\\/\"]}]},{\"@type\":\"BreadcrumbList\",\"@id\":\"https:\\\/\\\/aqua-by.com\\\/aquabike\\\/tout-ce-quil-faut-savoir-sur-un-cours-daquabike\\\/#breadcrumb\",\"itemListElement\":[{\"@type\":\"ListItem\",\"position\":1,\"name\":\"Accueil\",\"item\":\"https:\\\/\\\/aqua-by.com\\\/\"},{\"@type\":\"ListItem\",\"position\":2,\"name\":\"Toutes les infos sur l&rsquo;Aquabike\",\"item\":\"https:\\\/\\\/aqua-by.com\\\/aquabike\\\/\"},{\"@type\":\"ListItem\",\"position\":3,\"name\":\"Tout ce qu\u2019il faut savoir sur un cours d\u2019aquabike\"}]},{\"@type\":\"WebSite\",\"@id\":\"https:\\\/\\\/aqua-by.com\\\/#website\",\"url\":\"https:\\\/\\\/aqua-by.com\\\/\",\"name\":\"Aqua by\",\"description\":\"L&#039;aquabiking autrement\",\"publisher\":{\"@id\":\"https:\\\/\\\/aqua-by.com\\\/#organization\"},\"potentialAction\":[{\"@type\":\"SearchAction\",\"target\":{\"@type\":\"EntryPoint\",\"urlTemplate\":\"https:\\\/\\\/aqua-by.com\\\/?s={search_term_string}\"},\"query-input\":{\"@type\":\"PropertyValueSpecification\",\"valueRequired\":true,\"valueName\":\"search_term_string\"}}],\"inLanguage\":\"en-GB\"},{\"@type\":\"Organization\",\"@id\":\"https:\\\/\\\/aqua-by.com\\\/#organization\",\"name\":\"Aqua by\",\"url\":\"https:\\\/\\\/aqua-by.com\\\/\",\"logo\":{\"@type\":\"ImageObject\",\"inLanguage\":\"en-GB\",\"@id\":\"https:\\\/\\\/aqua-by.com\\\/#\\\/schema\\\/logo\\\/image\\\/\",\"url\":\"https:\\\/\\\/aqua-by.com\\\/wp-content\\\/uploads\\\/2018\\\/02\\\/logo-01-bleu-nuit.png\",\"contentUrl\":\"https:\\\/\\\/aqua-by.com\\\/wp-content\\\/uploads\\\/2018\\\/02\\\/logo-01-bleu-nuit.png\",\"width\":634,\"height\":325,\"caption\":\"Aqua by\"},\"image\":{\"@id\":\"https:\\\/\\\/aqua-by.com\\\/#\\\/schema\\\/logo\\\/image\\\/\"},\"sameAs\":[\"http:\\\/\\\/facebook.com\\\/aquaby\",\"http:\\\/\\\/instagram.com\\\/aqua_by\",\"https:\\\/\\\/fr.linkedin.com\\\/company\\\/aqua-by\",\"https:\\\/\\\/www.pinterest.fr\\\/aquabyparis\\\/\",\"https:\\\/\\\/www.youtube.com\\\/channel\\\/UC-loCTuRfFXbcg9QUJFVQRw\"]}]}<\/script>\n<!-- \/ Yoast SEO plugin. -->","yoast_head_json":{"title":"Tout ce qu\u2019il faut savoir sur un cours d\u2019aquabike - Aqua by","description":"Quel que soit votre niveau, si vous n\u2019avez jamais test\u00e9 cette activit\u00e9 dynamique, vous vous demandez peut-\u00eatre comment elle se d\u00e9roule ?","robots":{"index":"index","follow":"follow","max-snippet":"max-snippet:-1","max-image-preview":"max-image-preview:large","max-video-preview":"max-video-preview:-1"},"canonical":"https:\/\/aqua-by.com\/en\/aquabike\/tout-ce-quil-faut-savoir-sur-un-cours-daquabike\/","og_locale":"en_GB","og_type":"article","og_title":"Tout ce qu\u2019il faut savoir sur un cours d\u2019aquabike - Aqua by","og_description":"Quel que soit votre niveau, si vous n\u2019avez jamais test\u00e9 cette activit\u00e9 dynamique, vous vous demandez peut-\u00eatre comment elle se d\u00e9roule ?","og_url":"https:\/\/aqua-by.com\/en\/aquabike\/tout-ce-quil-faut-savoir-sur-un-cours-daquabike\/","og_site_name":"Aqua by","article_publisher":"http:\/\/facebook.com\/aquaby","article_modified_time":"2023-03-21T10:37:17+00:00","twitter_card":"summary_large_image","twitter_misc":{"Estimated reading time":"2 minutes"},"schema":{"@context":"https:\/\/schema.org","@graph":[{"@type":"WebPage","@id":"https:\/\/aqua-by.com\/aquabike\/tout-ce-quil-faut-savoir-sur-un-cours-daquabike\/","url":"https:\/\/aqua-by.com\/aquabike\/tout-ce-quil-faut-savoir-sur-un-cours-daquabike\/","name":"Tout ce qu\u2019il faut savoir sur un cours d\u2019aquabike - Aqua by","isPartOf":{"@id":"https:\/\/aqua-by.com\/#website"},"datePublished":"2019-12-06T13:51:35+00:00","dateModified":"2023-03-21T10:37:17+00:00","description":"Quel que soit votre niveau, si vous n\u2019avez jamais test\u00e9 cette activit\u00e9 dynamique, vous vous demandez peut-\u00eatre comment elle se d\u00e9roule ?","breadcrumb":{"@id":"https:\/\/aqua-by.com\/aquabike\/tout-ce-quil-faut-savoir-sur-un-cours-daquabike\/#breadcrumb"},"inLanguage":"en-GB","potentialAction":[{"@type":"ReadAction","target":["https:\/\/aqua-by.com\/aquabike\/tout-ce-quil-faut-savoir-sur-un-cours-daquabike\/"]}]},{"@type":"BreadcrumbList","@id":"https:\/\/aqua-by.com\/aquabike\/tout-ce-quil-faut-savoir-sur-un-cours-daquabike\/#breadcrumb","itemListElement":[{"@type":"ListItem","position":1,"name":"Accueil","item":"https:\/\/aqua-by.com\/"},{"@type":"ListItem","position":2,"name":"Toutes les infos sur l&rsquo;Aquabike","item":"https:\/\/aqua-by.com\/aquabike\/"},{"@type":"ListItem","position":3,"name":"Tout ce qu\u2019il faut savoir sur un cours d\u2019aquabike"}]},{"@type":"WebSite","@id":"https:\/\/aqua-by.com\/#website","url":"https:\/\/aqua-by.com\/","name":"Aqua by","description":"Aquabiking in a different way","publisher":{"@id":"https:\/\/aqua-by.com\/#organization"},"potentialAction":[{"@type":"SearchAction","target":{"@type":"EntryPoint","urlTemplate":"https:\/\/aqua-by.com\/?s={search_term_string}"},"query-input":{"@type":"PropertyValueSpecification","valueRequired":true,"valueName":"search_term_string"}}],"inLanguage":"en-GB"},{"@type":"Organization","@id":"https:\/\/aqua-by.com\/#organization","name":"Aqua by","url":"https:\/\/aqua-by.com\/","logo":{"@type":"ImageObject","inLanguage":"en-GB","@id":"https:\/\/aqua-by.com\/#\/schema\/logo\/image\/","url":"https:\/\/aqua-by.com\/wp-content\/uploads\/2018\/02\/logo-01-bleu-nuit.png","contentUrl":"https:\/\/aqua-by.com\/wp-content\/uploads\/2018\/02\/logo-01-bleu-nuit.png","width":634,"height":325,"caption":"Aqua by"},"image":{"@id":"https:\/\/aqua-by.com\/#\/schema\/logo\/image\/"},"sameAs":["http:\/\/facebook.com\/aquaby","http:\/\/instagram.com\/aqua_by","https:\/\/fr.linkedin.com\/company\/aqua-by","https:\/\/www.pinterest.fr\/aquabyparis\/","https:\/\/www.youtube.com\/channel\/UC-loCTuRfFXbcg9QUJFVQRw"]}]}},"publishpress_future_action":{"enabled":false,"date":"2026-04-18 21:36:06","action":"change-status","newStatus":"draft","terms":[],"taxonomy":"","extraData":[]},"publishpress_future_workflow_manual_trigger":{"enabledWorkflows":[]},"_links":{"self":[{"href":"https:\/\/aqua-by.com\/en\/wp-json\/wp\/v2\/pages\/7158","targetHints":{"allow":["GET"]}}],"collection":[{"href":"https:\/\/aqua-by.com\/en\/wp-json\/wp\/v2\/pages"}],"about":[{"href":"https:\/\/aqua-by.com\/en\/wp-json\/wp\/v2\/types\/page"}],"author":[{"embeddable":true,"href":"https:\/\/aqua-by.com\/en\/wp-json\/wp\/v2\/users\/1"}],"replies":[{"embeddable":true,"href":"https:\/\/aqua-by.com\/en\/wp-json\/wp\/v2\/comments?post=7158"}],"version-history":[{"count":1,"href":"https:\/\/aqua-by.com\/en\/wp-json\/wp\/v2\/pages\/7158\/revisions"}],"predecessor-version":[{"id":23101,"href":"https:\/\/aqua-by.com\/en\/wp-json\/wp\/v2\/pages\/7158\/revisions\/23101"}],"up":[{"embeddable":true,"href":"https:\/\/aqua-by.com\/en\/wp-json\/wp\/v2\/pages\/7147"}],"wp:attachment":[{"href":"https:\/\/aqua-by.com\/en\/wp-json\/wp\/v2\/media?parent=7158"}],"curies":[{"name":"wp","href":"https:\/\/api.w.org\/{rel}","templated":true}]}}