{"id":26969,"date":"2024-05-29T10:35:28","date_gmt":"2024-05-29T08:35:28","guid":{"rendered":"https:\/\/aqua-by.com\/?page_id=26969"},"modified":"2024-06-27T10:03:54","modified_gmt":"2024-06-27T08:03:54","slug":"abonnement-14-credits-engagement-6-mois","status":"publish","type":"page","link":"https:\/\/aqua-by.com\/en\/abonnement-14-credits-engagement-6-mois\/","title":{"rendered":"Abonnement &#8211; 14 cr\u00e9dits &#8211; Engagement 6 mois"},"content":{"rendered":"<div data-elementor-type=\"wp-page\" data-elementor-id=\"26969\" class=\"elementor elementor-26969\" data-elementor-post-type=\"page\">\n\t\t\t\t\t\t<section class=\"elementor-section elementor-top-section elementor-element elementor-element-2fb0e79 elementor-section-boxed elementor-section-height-default elementor-section-height-default\" data-id=\"2fb0e79\" data-element_type=\"section\" data-e-type=\"section\">\n\t\t\t\t\t\t<div class=\"elementor-container elementor-column-gap-default\">\n\t\t\t\t\t<div class=\"elementor-column elementor-col-100 elementor-top-column elementor-element elementor-element-57c52d1\" data-id=\"57c52d1\" data-element_type=\"column\" data-e-type=\"column\">\n\t\t\t<div class=\"elementor-widget-wrap elementor-element-populated\">\n\t\t\t\t\t\t<div class=\"elementor-element elementor-element-1bd258c elementor-widget elementor-widget-heading\" data-id=\"1bd258c\" data-element_type=\"widget\" data-e-type=\"widget\" data-widget_type=\"heading.default\">\n\t\t\t\t<div class=\"elementor-widget-container\">\n\t\t\t\t\t<h1 class=\"elementor-heading-title elementor-size-default\">book<br>\n______<br>\n<br>14 credits \/ week - 6 month commitment<\/h1>\t\t\t\t<\/div>\n\t\t\t\t<\/div>\n\t\t\t\t<div class=\"elementor-element elementor-element-53e60d9 elementor-widget elementor-widget-text-editor\" data-id=\"53e60d9\" data-element_type=\"widget\" data-e-type=\"widget\" data-widget_type=\"text-editor.default\">\n\t\t\t\t<div class=\"elementor-widget-container\">\n\t\t\t\t\t\t\t\t\t<ul><li>Weekly withdrawal, automatically renewed every 7 days.<\/li><li>6 month commitment.<\/li><li>Credits valid for 4 weeks.<\/li><li>Usable in all Sanctuary concepts.<\/li><li><p>Following the commitment period, the subscription is renewed monthly by tacit agreement and can be canceled at any time.<\/p><\/li><\/ul>\t\t\t\t\t\t\t\t<\/div>\n\t\t\t\t<\/div>\n\t\t\t\t<div class=\"elementor-element elementor-element-9622f8e elementor-align-center elementor-widget elementor-widget-button\" data-id=\"9622f8e\" data-element_type=\"widget\" data-e-type=\"widget\" data-widget_type=\"button.default\">\n\t\t\t\t<div class=\"elementor-widget-container\">\n\t\t\t\t\t\t\t\t\t<div class=\"elementor-button-wrapper\">\n\t\t\t\t\t<a class=\"elementor-button elementor-button-link elementor-size-sm\" href=\"https:\/\/backoffice.bsport.io\/checkout\/2444\/subscription\/16821?force=true\" target=\"_blank\">\n\t\t\t\t\t\t<span class=\"elementor-button-content-wrapper\">\n\t\t\t\t\t\t\t\t\t<span class=\"elementor-button-text\">I SUBSCRIBE<\/span>\n\t\t\t\t\t<\/span>\n\t\t\t\t\t<\/a>\n\t\t\t\t<\/div>\n\t\t\t\t\t\t\t\t<\/div>\n\t\t\t\t<\/div>\n\t\t\t\t\t<\/div>\n\t\t<\/div>\n\t\t\t\t\t<\/div>\n\t\t<\/section>\n\t\t\t\t<\/div>","protected":false},"excerpt":{"rendered":"<p>R\u00e9server ______ 14 cr\u00e9dits \/ semaine &#8211; Engagement 6 mois Pr\u00e9l\u00e8vement hebdomadaire, renouvel\u00e9 automatiquement tous les 7 jours. Engagement 6 mois. Cr\u00e9dits valables 4 semaines. Utilisable dans tous les concepts Sanctuary. Suite \u00e0 la p\u00e9riode d\u2019engagement, l&rsquo;abonnement est reconduit mensuellement par tacite reconduction et est r\u00e9siliable \u00e0 tout moment. JE M&rsquo;ABONNE<\/p>","protected":false},"author":34,"featured_media":21243,"parent":0,"menu_order":0,"comment_status":"closed","ping_status":"closed","template":"elementor_header_footer","meta":{"_acf_changed":false,"footnotes":""},"class_list":["post-26969","page","type-page","status-publish","has-post-thumbnail","hentry"],"acf":[],"yoast_head":"<!-- This site is optimized with the Yoast SEO plugin v27.4 - https:\/\/yoast.com\/product\/yoast-seo-wordpress\/ -->\n<title>R\u00e9servez votre prochaine s\u00e9ance dans notre studio situ\u00e9 \u00e0 Boulogne<\/title>\n<meta name=\"description\" content=\"R\u00e9servez le cr\u00e9neau qui vous convient le mieux pour votre s\u00e9ance d&#039;aquabiking en plein Paris chez Aqua by Boulogne.\" \/>\n<meta name=\"robots\" content=\"index, follow, max-snippet:-1, max-image-preview:large, max-video-preview:-1\" \/>\n<link rel=\"canonical\" href=\"https:\/\/aqua-by.com\/en\/abonnement-14-credits-engagement-6-mois\/\" \/>\n<meta property=\"og:locale\" content=\"en_GB\" \/>\n<meta property=\"og:type\" content=\"article\" \/>\n<meta property=\"og:title\" content=\"R\u00e9servez votre prochaine s\u00e9ance dans notre studio situ\u00e9 \u00e0 Boulogne\" \/>\n<meta property=\"og:description\" content=\"R\u00e9servez le cr\u00e9neau qui vous convient le mieux pour votre s\u00e9ance d&#039;aquabiking en plein Paris chez Aqua by Boulogne.\" \/>\n<meta property=\"og:url\" content=\"https:\/\/aqua-by.com\/en\/abonnement-14-credits-engagement-6-mois\/\" \/>\n<meta property=\"og:site_name\" content=\"Aqua by\" \/>\n<meta property=\"article:publisher\" content=\"http:\/\/facebook.com\/aquaby\" \/>\n<meta property=\"article:modified_time\" content=\"2024-06-27T08:03:54+00:00\" \/>\n<meta property=\"og:image\" content=\"https:\/\/aqua-by.com\/wp-content\/uploads\/2022\/09\/Boulogne-scaled.jpg\" \/>\n\t<meta property=\"og:image:width\" content=\"1707\" \/>\n\t<meta property=\"og:image:height\" content=\"2560\" \/>\n\t<meta property=\"og:image:type\" content=\"image\/jpeg\" \/>\n<meta name=\"twitter:card\" content=\"summary_large_image\" \/>\n<meta name=\"twitter:label1\" content=\"Estimated reading time\" \/>\n\t<meta name=\"twitter:data1\" content=\"1 minute\" \/>\n<script type=\"application\/ld+json\" class=\"yoast-schema-graph\">{\"@context\":\"https:\\\/\\\/schema.org\",\"@graph\":[{\"@type\":\"WebPage\",\"@id\":\"https:\\\/\\\/aqua-by.com\\\/abonnement-14-credits-engagement-6-mois\\\/\",\"url\":\"https:\\\/\\\/aqua-by.com\\\/abonnement-14-credits-engagement-6-mois\\\/\",\"name\":\"R\u00e9servez votre prochaine s\u00e9ance dans notre studio situ\u00e9 \u00e0 Boulogne\",\"isPartOf\":{\"@id\":\"https:\\\/\\\/aqua-by.com\\\/#website\"},\"primaryImageOfPage\":{\"@id\":\"https:\\\/\\\/aqua-by.com\\\/abonnement-14-credits-engagement-6-mois\\\/#primaryimage\"},\"image\":{\"@id\":\"https:\\\/\\\/aqua-by.com\\\/abonnement-14-credits-engagement-6-mois\\\/#primaryimage\"},\"thumbnailUrl\":\"https:\\\/\\\/aqua-by.com\\\/wp-content\\\/uploads\\\/2022\\\/09\\\/Boulogne-scaled.jpg\",\"datePublished\":\"2024-05-29T08:35:28+00:00\",\"dateModified\":\"2024-06-27T08:03:54+00:00\",\"description\":\"R\u00e9servez le cr\u00e9neau qui vous convient le mieux pour votre s\u00e9ance d'aquabiking en plein Paris chez Aqua by Boulogne.\",\"breadcrumb\":{\"@id\":\"https:\\\/\\\/aqua-by.com\\\/abonnement-14-credits-engagement-6-mois\\\/#breadcrumb\"},\"inLanguage\":\"en-GB\",\"potentialAction\":[{\"@type\":\"ReadAction\",\"target\":[\"https:\\\/\\\/aqua-by.com\\\/abonnement-14-credits-engagement-6-mois\\\/\"]}]},{\"@type\":\"ImageObject\",\"inLanguage\":\"en-GB\",\"@id\":\"https:\\\/\\\/aqua-by.com\\\/abonnement-14-credits-engagement-6-mois\\\/#primaryimage\",\"url\":\"https:\\\/\\\/aqua-by.com\\\/wp-content\\\/uploads\\\/2022\\\/09\\\/Boulogne-scaled.jpg\",\"contentUrl\":\"https:\\\/\\\/aqua-by.com\\\/wp-content\\\/uploads\\\/2022\\\/09\\\/Boulogne-scaled.jpg\",\"width\":1707,\"height\":2560},{\"@type\":\"BreadcrumbList\",\"@id\":\"https:\\\/\\\/aqua-by.com\\\/abonnement-14-credits-engagement-6-mois\\\/#breadcrumb\",\"itemListElement\":[{\"@type\":\"ListItem\",\"position\":1,\"name\":\"Accueil\",\"item\":\"https:\\\/\\\/aqua-by.com\\\/\"},{\"@type\":\"ListItem\",\"position\":2,\"name\":\"Abonnement &#8211; 14 cr\u00e9dits &#8211; Engagement 6 mois\"}]},{\"@type\":\"WebSite\",\"@id\":\"https:\\\/\\\/aqua-by.com\\\/#website\",\"url\":\"https:\\\/\\\/aqua-by.com\\\/\",\"name\":\"Aqua by\",\"description\":\"L&#039;aquabiking autrement\",\"publisher\":{\"@id\":\"https:\\\/\\\/aqua-by.com\\\/#organization\"},\"potentialAction\":[{\"@type\":\"SearchAction\",\"target\":{\"@type\":\"EntryPoint\",\"urlTemplate\":\"https:\\\/\\\/aqua-by.com\\\/?s={search_term_string}\"},\"query-input\":{\"@type\":\"PropertyValueSpecification\",\"valueRequired\":true,\"valueName\":\"search_term_string\"}}],\"inLanguage\":\"en-GB\"},{\"@type\":\"Organization\",\"@id\":\"https:\\\/\\\/aqua-by.com\\\/#organization\",\"name\":\"Aqua by\",\"url\":\"https:\\\/\\\/aqua-by.com\\\/\",\"logo\":{\"@type\":\"ImageObject\",\"inLanguage\":\"en-GB\",\"@id\":\"https:\\\/\\\/aqua-by.com\\\/#\\\/schema\\\/logo\\\/image\\\/\",\"url\":\"https:\\\/\\\/aqua-by.com\\\/wp-content\\\/uploads\\\/2018\\\/02\\\/logo-01-bleu-nuit.png\",\"contentUrl\":\"https:\\\/\\\/aqua-by.com\\\/wp-content\\\/uploads\\\/2018\\\/02\\\/logo-01-bleu-nuit.png\",\"width\":634,\"height\":325,\"caption\":\"Aqua by\"},\"image\":{\"@id\":\"https:\\\/\\\/aqua-by.com\\\/#\\\/schema\\\/logo\\\/image\\\/\"},\"sameAs\":[\"http:\\\/\\\/facebook.com\\\/aquaby\",\"http:\\\/\\\/instagram.com\\\/aqua_by\",\"https:\\\/\\\/fr.linkedin.com\\\/company\\\/aqua-by\",\"https:\\\/\\\/www.pinterest.fr\\\/aquabyparis\\\/\",\"https:\\\/\\\/www.youtube.com\\\/channel\\\/UC-loCTuRfFXbcg9QUJFVQRw\"]}]}<\/script>\n<!-- \/ Yoast SEO plugin. -->","yoast_head_json":{"title":"Book your next session in our Boulogne studio","description":"Book the time that suits you best for your aquabiking session in the heart of Paris at Aqua by Boulogne.","robots":{"index":"index","follow":"follow","max-snippet":"max-snippet:-1","max-image-preview":"max-image-preview:large","max-video-preview":"max-video-preview:-1"},"canonical":"https:\/\/aqua-by.com\/en\/abonnement-14-credits-engagement-6-mois\/","og_locale":"en_GB","og_type":"article","og_title":"R\u00e9servez votre prochaine s\u00e9ance dans notre studio situ\u00e9 \u00e0 Boulogne","og_description":"R\u00e9servez le cr\u00e9neau qui vous convient le mieux pour votre s\u00e9ance d'aquabiking en plein Paris chez Aqua by Boulogne.","og_url":"https:\/\/aqua-by.com\/en\/abonnement-14-credits-engagement-6-mois\/","og_site_name":"Aqua by","article_publisher":"http:\/\/facebook.com\/aquaby","article_modified_time":"2024-06-27T08:03:54+00:00","og_image":[{"width":1707,"height":2560,"url":"https:\/\/aqua-by.com\/wp-content\/uploads\/2022\/09\/Boulogne-scaled.jpg","type":"image\/jpeg"}],"twitter_card":"summary_large_image","twitter_misc":{"Estimated reading time":"1 minute"},"schema":{"@context":"https:\/\/schema.org","@graph":[{"@type":"WebPage","@id":"https:\/\/aqua-by.com\/abonnement-14-credits-engagement-6-mois\/","url":"https:\/\/aqua-by.com\/abonnement-14-credits-engagement-6-mois\/","name":"Book your next session in our Boulogne studio","isPartOf":{"@id":"https:\/\/aqua-by.com\/#website"},"primaryImageOfPage":{"@id":"https:\/\/aqua-by.com\/abonnement-14-credits-engagement-6-mois\/#primaryimage"},"image":{"@id":"https:\/\/aqua-by.com\/abonnement-14-credits-engagement-6-mois\/#primaryimage"},"thumbnailUrl":"https:\/\/aqua-by.com\/wp-content\/uploads\/2022\/09\/Boulogne-scaled.jpg","datePublished":"2024-05-29T08:35:28+00:00","dateModified":"2024-06-27T08:03:54+00:00","description":"Book the time that suits you best for your aquabiking session in the heart of Paris at Aqua by Boulogne.","breadcrumb":{"@id":"https:\/\/aqua-by.com\/abonnement-14-credits-engagement-6-mois\/#breadcrumb"},"inLanguage":"en-GB","potentialAction":[{"@type":"ReadAction","target":["https:\/\/aqua-by.com\/abonnement-14-credits-engagement-6-mois\/"]}]},{"@type":"ImageObject","inLanguage":"en-GB","@id":"https:\/\/aqua-by.com\/abonnement-14-credits-engagement-6-mois\/#primaryimage","url":"https:\/\/aqua-by.com\/wp-content\/uploads\/2022\/09\/Boulogne-scaled.jpg","contentUrl":"https:\/\/aqua-by.com\/wp-content\/uploads\/2022\/09\/Boulogne-scaled.jpg","width":1707,"height":2560},{"@type":"BreadcrumbList","@id":"https:\/\/aqua-by.com\/abonnement-14-credits-engagement-6-mois\/#breadcrumb","itemListElement":[{"@type":"ListItem","position":1,"name":"Accueil","item":"https:\/\/aqua-by.com\/"},{"@type":"ListItem","position":2,"name":"Abonnement &#8211; 14 cr\u00e9dits &#8211; Engagement 6 mois"}]},{"@type":"WebSite","@id":"https:\/\/aqua-by.com\/#website","url":"https:\/\/aqua-by.com\/","name":"Aqua by","description":"Aquabiking in a different way","publisher":{"@id":"https:\/\/aqua-by.com\/#organization"},"potentialAction":[{"@type":"SearchAction","target":{"@type":"EntryPoint","urlTemplate":"https:\/\/aqua-by.com\/?s={search_term_string}"},"query-input":{"@type":"PropertyValueSpecification","valueRequired":true,"valueName":"search_term_string"}}],"inLanguage":"en-GB"},{"@type":"Organization","@id":"https:\/\/aqua-by.com\/#organization","name":"Aqua by","url":"https:\/\/aqua-by.com\/","logo":{"@type":"ImageObject","inLanguage":"en-GB","@id":"https:\/\/aqua-by.com\/#\/schema\/logo\/image\/","url":"https:\/\/aqua-by.com\/wp-content\/uploads\/2018\/02\/logo-01-bleu-nuit.png","contentUrl":"https:\/\/aqua-by.com\/wp-content\/uploads\/2018\/02\/logo-01-bleu-nuit.png","width":634,"height":325,"caption":"Aqua by"},"image":{"@id":"https:\/\/aqua-by.com\/#\/schema\/logo\/image\/"},"sameAs":["http:\/\/facebook.com\/aquaby","http:\/\/instagram.com\/aqua_by","https:\/\/fr.linkedin.com\/company\/aqua-by","https:\/\/www.pinterest.fr\/aquabyparis\/","https:\/\/www.youtube.com\/channel\/UC-loCTuRfFXbcg9QUJFVQRw"]}]}},"publishpress_future_action":{"enabled":false,"date":"2026-04-27 18:32:54","action":"change-status","newStatus":"draft","terms":[],"taxonomy":"","extraData":[]},"publishpress_future_workflow_manual_trigger":{"enabledWorkflows":[]},"_links":{"self":[{"href":"https:\/\/aqua-by.com\/en\/wp-json\/wp\/v2\/pages\/26969","targetHints":{"allow":["GET"]}}],"collection":[{"href":"https:\/\/aqua-by.com\/en\/wp-json\/wp\/v2\/pages"}],"about":[{"href":"https:\/\/aqua-by.com\/en\/wp-json\/wp\/v2\/types\/page"}],"author":[{"embeddable":true,"href":"https:\/\/aqua-by.com\/en\/wp-json\/wp\/v2\/users\/34"}],"replies":[{"embeddable":true,"href":"https:\/\/aqua-by.com\/en\/wp-json\/wp\/v2\/comments?post=26969"}],"version-history":[{"count":3,"href":"https:\/\/aqua-by.com\/en\/wp-json\/wp\/v2\/pages\/26969\/revisions"}],"predecessor-version":[{"id":27516,"href":"https:\/\/aqua-by.com\/en\/wp-json\/wp\/v2\/pages\/26969\/revisions\/27516"}],"wp:featuredmedia":[{"embeddable":true,"href":"https:\/\/aqua-by.com\/en\/wp-json\/wp\/v2\/media\/21243"}],"wp:attachment":[{"href":"https:\/\/aqua-by.com\/en\/wp-json\/wp\/v2\/media?parent=26969"}],"curies":[{"name":"wp","href":"https:\/\/api.w.org\/{rel}","templated":true}]}}