{"id":26925,"date":"2024-05-24T14:21:09","date_gmt":"2024-05-24T12:21:09","guid":{"rendered":"https:\/\/aqua-by.com\/?page_id=26925"},"modified":"2026-01-15T17:49:42","modified_gmt":"2026-01-15T16:49:42","slug":"the-bradery-aqb","status":"publish","type":"page","link":"https:\/\/aqua-by.com\/en\/the-bradery-aqb\/","title":{"rendered":"The Bradery x Aqua by"},"content":{"rendered":"<div data-elementor-type=\"wp-page\" data-elementor-id=\"26925\" class=\"elementor elementor-26925\" data-elementor-post-type=\"page\">\n\t\t\t\t\t\t<section class=\"elementor-section elementor-top-section elementor-element elementor-element-4237816 elementor-section-boxed elementor-section-height-default elementor-section-height-default\" data-id=\"4237816\" data-element_type=\"section\" data-e-type=\"section\">\n\t\t\t\t\t\t<div class=\"elementor-container elementor-column-gap-default\">\n\t\t\t\t\t<div class=\"elementor-column elementor-col-100 elementor-top-column elementor-element elementor-element-cfe5744\" data-id=\"cfe5744\" data-element_type=\"column\" data-e-type=\"column\">\n\t\t\t<div class=\"elementor-widget-wrap elementor-element-populated\">\n\t\t\t\t\t\t<div class=\"elementor-element elementor-element-e7fe30d elementor-widget elementor-widget-heading\" data-id=\"e7fe30d\" data-element_type=\"widget\" data-e-type=\"widget\" data-widget_type=\"heading.default\">\n\t\t\t\t<div class=\"elementor-widget-container\">\n\t\t\t\t\t<h1 class=\"elementor-heading-title elementor-size-default\">Thank you for your purchase on The Bradery<\/h1>\t\t\t\t<\/div>\n\t\t\t\t<\/div>\n\t\t\t\t<div class=\"elementor-element elementor-element-e6a060a elementor-widget elementor-widget-heading\" data-id=\"e6a060a\" data-element_type=\"widget\" data-e-type=\"widget\" data-widget_type=\"heading.default\">\n\t\t\t\t<div class=\"elementor-widget-container\">\n\t\t\t\t\t<h2 class=\"elementor-heading-title elementor-size-default\">Ready to discover aquacycling with Aqua by? <\/h2>\t\t\t\t<\/div>\n\t\t\t\t<\/div>\n\t\t\t\t<div class=\"elementor-element elementor-element-6fbd6ac elementor-widget elementor-widget-spacer\" data-id=\"6fbd6ac\" data-element_type=\"widget\" data-e-type=\"widget\" data-widget_type=\"spacer.default\">\n\t\t\t\t<div class=\"elementor-widget-container\">\n\t\t\t\t\t\t\t<div class=\"elementor-spacer\">\n\t\t\t<div class=\"elementor-spacer-inner\"><\/div>\n\t\t<\/div>\n\t\t\t\t\t\t<\/div>\n\t\t\t\t<\/div>\n\t\t\t\t<div class=\"elementor-element elementor-element-19ba256 elementor-widget elementor-widget-text-editor\" data-id=\"19ba256\" data-element_type=\"widget\" data-e-type=\"widget\" data-widget_type=\"text-editor.default\">\n\t\t\t\t<div class=\"elementor-widget-container\">\n\t\t\t\t\t\t\t\t\t<p style=\"text-align: center;\">You've just bought your new Aqua by session pack from The Bradery.<\/p><p style=\"text-align: center;\">Choose the package corresponding to the promotional code you received, and enter it at checkout.<\/p><p style=\"text-align: center;\">Don't worry! You won't be charged twice.<\/p>\t\t\t\t\t\t\t\t<\/div>\n\t\t\t\t<\/div>\n\t\t\t\t\t<\/div>\n\t\t<\/div>\n\t\t\t\t\t<\/div>\n\t\t<\/section>\n\t\t\t\t<section class=\"elementor-section elementor-top-section elementor-element elementor-element-63f31d2 elementor-section-boxed elementor-section-height-default elementor-section-height-default\" data-id=\"63f31d2\" data-element_type=\"section\" data-e-type=\"section\">\n\t\t\t\t\t\t<div class=\"elementor-container elementor-column-gap-default\">\n\t\t\t\t\t<div class=\"elementor-column elementor-col-100 elementor-top-column elementor-element elementor-element-9f7c9a6\" data-id=\"9f7c9a6\" data-element_type=\"column\" data-e-type=\"column\">\n\t\t\t<div class=\"elementor-widget-wrap elementor-element-populated\">\n\t\t\t\t\t\t<section class=\"elementor-section elementor-inner-section elementor-element elementor-element-bf151f0 elementor-section-boxed elementor-section-height-default elementor-section-height-default\" data-id=\"bf151f0\" data-element_type=\"section\" data-e-type=\"section\">\n\t\t\t\t\t\t<div class=\"elementor-container elementor-column-gap-default\">\n\t\t\t\t\t<div class=\"elementor-column elementor-col-50 elementor-inner-column elementor-element elementor-element-b97fce5\" data-id=\"b97fce5\" data-element_type=\"column\" data-e-type=\"column\">\n\t\t\t<div class=\"elementor-widget-wrap elementor-element-populated\">\n\t\t\t\t\t\t<div class=\"elementor-element elementor-element-d61cb6e elementor-widget elementor-widget-heading\" data-id=\"d61cb6e\" data-element_type=\"widget\" data-e-type=\"widget\" data-widget_type=\"heading.default\">\n\t\t\t\t<div class=\"elementor-widget-container\">\n\t\t\t\t\t<h4 class=\"elementor-heading-title elementor-size-default\">1 SESSION<\/h4>\t\t\t\t<\/div>\n\t\t\t\t<\/div>\n\t\t\t\t<div class=\"elementor-element elementor-element-92416cf elementor-widget elementor-widget-heading\" data-id=\"92416cf\" data-element_type=\"widget\" data-e-type=\"widget\" data-widget_type=\"heading.default\">\n\t\t\t\t<div class=\"elementor-widget-container\">\n\t\t\t\t\t<h4 class=\"elementor-heading-title elementor-size-default\">14 credits<\/h4>\t\t\t\t<\/div>\n\t\t\t\t<\/div>\n\t\t\t\t<div class=\"elementor-element elementor-element-e485db1 elementor-widget elementor-widget-spacer\" data-id=\"e485db1\" data-element_type=\"widget\" data-e-type=\"widget\" data-widget_type=\"spacer.default\">\n\t\t\t\t<div class=\"elementor-widget-container\">\n\t\t\t\t\t\t\t<div class=\"elementor-spacer\">\n\t\t\t<div class=\"elementor-spacer-inner\"><\/div>\n\t\t<\/div>\n\t\t\t\t\t\t<\/div>\n\t\t\t\t<\/div>\n\t\t\t\t<div class=\"elementor-element elementor-element-2a56383 elementor-widget elementor-widget-heading\" data-id=\"2a56383\" data-element_type=\"widget\" data-e-type=\"widget\" data-widget_type=\"heading.default\">\n\t\t\t\t<div class=\"elementor-widget-container\">\n\t\t\t\t\t<h3 class=\"elementor-heading-title elementor-size-default\"><b>9,99\u20ac<\/b><\/h3>\t\t\t\t<\/div>\n\t\t\t\t<\/div>\n\t\t\t\t<div class=\"elementor-element elementor-element-82ad0a9 elementor-widget elementor-widget-text-editor\" data-id=\"82ad0a9\" data-element_type=\"widget\" data-e-type=\"widget\" data-widget_type=\"text-editor.default\">\n\t\t\t\t<div class=\"elementor-widget-container\">\n\t\t\t\t\t\t\t\t\t<p style=\"text-align: center;\"><span style=\"font-size: 10pt;\">instead of \u20ac35\u00a0<\/span><\/p>\t\t\t\t\t\t\t\t<\/div>\n\t\t\t\t<\/div>\n\t\t\t\t<div class=\"elementor-element elementor-element-5b7c0e2 elementor-align-center elementor-widget elementor-widget-button\" data-id=\"5b7c0e2\" data-element_type=\"widget\" data-e-type=\"widget\" data-widget_type=\"button.default\">\n\t\t\t\t<div class=\"elementor-widget-container\">\n\t\t\t\t\t\t\t\t\t<div class=\"elementor-button-wrapper\">\n\t\t\t\t\t<a class=\"elementor-button elementor-button-link elementor-size-sm\" href=\"https:\/\/backoffice.bsport.io\/customer\/payment\/pass\/726233\/?membership=2444&#038;force=true\" target=\"_blank\">\n\t\t\t\t\t\t<span class=\"elementor-button-content-wrapper\">\n\t\t\t\t\t\t\t\t\t<span class=\"elementor-button-text\">BUY<\/span>\n\t\t\t\t\t<\/span>\n\t\t\t\t\t<\/a>\n\t\t\t\t<\/div>\n\t\t\t\t\t\t\t\t<\/div>\n\t\t\t\t<\/div>\n\t\t\t\t<div class=\"elementor-element elementor-element-b28969d elementor-widget elementor-widget-text-editor\" data-id=\"b28969d\" data-element_type=\"widget\" data-e-type=\"widget\" data-widget_type=\"text-editor.default\">\n\t\t\t\t<div class=\"elementor-widget-container\">\n\t\t\t\t\t\t\t\t\t<p>Valid for 1 month<\/p>\t\t\t\t\t\t\t\t<\/div>\n\t\t\t\t<\/div>\n\t\t\t\t\t<\/div>\n\t\t<\/div>\n\t\t\t\t<div class=\"elementor-column elementor-col-50 elementor-inner-column elementor-element elementor-element-d850cea\" data-id=\"d850cea\" data-element_type=\"column\" data-e-type=\"column\">\n\t\t\t<div class=\"elementor-widget-wrap elementor-element-populated\">\n\t\t\t\t\t\t<div class=\"elementor-element elementor-element-50ce878 elementor-widget elementor-widget-heading\" data-id=\"50ce878\" data-element_type=\"widget\" data-e-type=\"widget\" data-widget_type=\"heading.default\">\n\t\t\t\t<div class=\"elementor-widget-container\">\n\t\t\t\t\t<h4 class=\"elementor-heading-title elementor-size-default\">3 SESSIONS<\/h4>\t\t\t\t<\/div>\n\t\t\t\t<\/div>\n\t\t\t\t<div class=\"elementor-element elementor-element-f5bdbbd elementor-widget elementor-widget-heading\" data-id=\"f5bdbbd\" data-element_type=\"widget\" data-e-type=\"widget\" data-widget_type=\"heading.default\">\n\t\t\t\t<div class=\"elementor-widget-container\">\n\t\t\t\t\t<h4 class=\"elementor-heading-title elementor-size-default\">42 credits<\/h4>\t\t\t\t<\/div>\n\t\t\t\t<\/div>\n\t\t\t\t<div class=\"elementor-element elementor-element-b3bd307 elementor-widget elementor-widget-spacer\" data-id=\"b3bd307\" data-element_type=\"widget\" data-e-type=\"widget\" data-widget_type=\"spacer.default\">\n\t\t\t\t<div class=\"elementor-widget-container\">\n\t\t\t\t\t\t\t<div class=\"elementor-spacer\">\n\t\t\t<div class=\"elementor-spacer-inner\"><\/div>\n\t\t<\/div>\n\t\t\t\t\t\t<\/div>\n\t\t\t\t<\/div>\n\t\t\t\t<div class=\"elementor-element elementor-element-8f09b0d elementor-widget elementor-widget-heading\" data-id=\"8f09b0d\" data-element_type=\"widget\" data-e-type=\"widget\" data-widget_type=\"heading.default\">\n\t\t\t\t<div class=\"elementor-widget-container\">\n\t\t\t\t\t<h3 class=\"elementor-heading-title elementor-size-default\"><b>39,99\u20ac<\/b><\/h3>\t\t\t\t<\/div>\n\t\t\t\t<\/div>\n\t\t\t\t<div class=\"elementor-element elementor-element-6480d6b elementor-widget elementor-widget-text-editor\" data-id=\"6480d6b\" data-element_type=\"widget\" data-e-type=\"widget\" data-widget_type=\"text-editor.default\">\n\t\t\t\t<div class=\"elementor-widget-container\">\n\t\t\t\t\t\t\t\t\t<p style=\"text-align: center;\"><span style=\"font-size: 10pt;\">instead of \u20ac105<\/span><\/p>\t\t\t\t\t\t\t\t<\/div>\n\t\t\t\t<\/div>\n\t\t\t\t<div class=\"elementor-element elementor-element-e99bea7 elementor-align-center elementor-widget elementor-widget-button\" data-id=\"e99bea7\" data-element_type=\"widget\" data-e-type=\"widget\" data-widget_type=\"button.default\">\n\t\t\t\t<div class=\"elementor-widget-container\">\n\t\t\t\t\t\t\t\t\t<div class=\"elementor-button-wrapper\">\n\t\t\t\t\t<a class=\"elementor-button elementor-button-link elementor-size-sm\" href=\"https:\/\/backoffice.bsport.io\/customer\/payment\/pass\/726225\/?membership=2444&#038;force=true\" target=\"_blank\">\n\t\t\t\t\t\t<span class=\"elementor-button-content-wrapper\">\n\t\t\t\t\t\t\t\t\t<span class=\"elementor-button-text\">BUY<\/span>\n\t\t\t\t\t<\/span>\n\t\t\t\t\t<\/a>\n\t\t\t\t<\/div>\n\t\t\t\t\t\t\t\t<\/div>\n\t\t\t\t<\/div>\n\t\t\t\t<div class=\"elementor-element elementor-element-2c86577 elementor-widget elementor-widget-text-editor\" data-id=\"2c86577\" data-element_type=\"widget\" data-e-type=\"widget\" data-widget_type=\"text-editor.default\">\n\t\t\t\t<div class=\"elementor-widget-container\">\n\t\t\t\t\t\t\t\t\t<p>Valid for 2 months<\/p>\t\t\t\t\t\t\t\t<\/div>\n\t\t\t\t<\/div>\n\t\t\t\t\t<\/div>\n\t\t<\/div>\n\t\t\t\t\t<\/div>\n\t\t<\/section>\n\t\t\t\t\t<\/div>\n\t\t<\/div>\n\t\t\t\t\t<\/div>\n\t\t<\/section>\n\t\t\t\t<\/div>","protected":false},"excerpt":{"rendered":"<p>Merci pour votre achat sur The Bradery Pr\u00eat \u00e0 d\u00e9couvrir l&rsquo;aquacycling selon Aqua by ? Vous venez d&rsquo;acheter votre nouveau pack de s\u00e9ances Aqua by sur The Bradery. Choisissez le pack correspondant au code promo que vous avez re\u00e7u, et entrez-le au moment du paiement. Pas d&rsquo;inqui\u00e9tude ! Vous ne serez pas d\u00e9bit\u00e9 2 fois. [&hellip;]<\/p>\n","protected":false},"author":25,"featured_media":0,"parent":0,"menu_order":0,"comment_status":"closed","ping_status":"closed","template":"elementor_header_footer","meta":{"_acf_changed":false,"footnotes":""},"class_list":["post-26925","page","type-page","status-publish","hentry"],"acf":[],"yoast_head":"<!-- This site is optimized with the Yoast SEO plugin v27.5 - https:\/\/yoast.com\/product\/yoast-seo-wordpress\/ -->\n<title>Merci d&#039;avoir choisi Choose x Aqua by pour votre achat !<\/title>\n<meta name=\"description\" content=\"Retrouvez votre abonnement ou votre pack de s\u00e9ances d&#039;aquabike achet\u00e9 sur Choose directement sur le site d&#039;Aqua by gr\u00e2ce \u00e0 votre code promo.\" \/>\n<meta name=\"robots\" content=\"noindex, nofollow\" \/>\n<meta property=\"og:locale\" content=\"en_GB\" \/>\n<meta property=\"og:type\" content=\"article\" \/>\n<meta property=\"og:title\" content=\"Merci d&#039;avoir choisi Choose x Aqua by pour votre achat !\" \/>\n<meta property=\"og:description\" content=\"Retrouvez votre abonnement ou votre pack de s\u00e9ances d&#039;aquabike achet\u00e9 sur Choose directement sur le site d&#039;Aqua by gr\u00e2ce \u00e0 votre code promo.\" \/>\n<meta property=\"og:url\" content=\"https:\/\/aqua-by.com\/en\/the-bradery-aqb\/\" \/>\n<meta property=\"og:site_name\" content=\"Aqua by\" \/>\n<meta property=\"article:publisher\" content=\"http:\/\/facebook.com\/aquaby\" \/>\n<meta property=\"article:modified_time\" content=\"2026-01-15T16:49:42+00:00\" \/>\n<meta name=\"twitter:card\" content=\"summary_large_image\" \/>\n<meta name=\"twitter:label1\" content=\"Estimated reading time\" \/>\n\t<meta name=\"twitter:data1\" content=\"1 minute\" \/>\n<script type=\"application\/ld+json\" class=\"yoast-schema-graph\">{\"@context\":\"https:\\\/\\\/schema.org\",\"@graph\":[{\"@type\":\"WebPage\",\"@id\":\"https:\\\/\\\/aqua-by.com\\\/the-bradery-aqb\\\/\",\"url\":\"https:\\\/\\\/aqua-by.com\\\/the-bradery-aqb\\\/\",\"name\":\"Merci d'avoir choisi Choose x Aqua by pour votre achat !\",\"isPartOf\":{\"@id\":\"https:\\\/\\\/aqua-by.com\\\/#website\"},\"datePublished\":\"2024-05-24T12:21:09+00:00\",\"dateModified\":\"2026-01-15T16:49:42+00:00\",\"description\":\"Retrouvez votre abonnement ou votre pack de s\u00e9ances d'aquabike achet\u00e9 sur Choose directement sur le site d'Aqua by gr\u00e2ce \u00e0 votre code promo.\",\"breadcrumb\":{\"@id\":\"https:\\\/\\\/aqua-by.com\\\/the-bradery-aqb\\\/#breadcrumb\"},\"inLanguage\":\"en-GB\",\"potentialAction\":[{\"@type\":\"ReadAction\",\"target\":[\"https:\\\/\\\/aqua-by.com\\\/the-bradery-aqb\\\/\"]}]},{\"@type\":\"BreadcrumbList\",\"@id\":\"https:\\\/\\\/aqua-by.com\\\/the-bradery-aqb\\\/#breadcrumb\",\"itemListElement\":[{\"@type\":\"ListItem\",\"position\":1,\"name\":\"Accueil\",\"item\":\"https:\\\/\\\/aqua-by.com\\\/\"},{\"@type\":\"ListItem\",\"position\":2,\"name\":\"The Bradery x Aqua by\"}]},{\"@type\":\"WebSite\",\"@id\":\"https:\\\/\\\/aqua-by.com\\\/#website\",\"url\":\"https:\\\/\\\/aqua-by.com\\\/\",\"name\":\"Aqua by\",\"description\":\"L&#039;aquabiking autrement\",\"publisher\":{\"@id\":\"https:\\\/\\\/aqua-by.com\\\/#organization\"},\"potentialAction\":[{\"@type\":\"SearchAction\",\"target\":{\"@type\":\"EntryPoint\",\"urlTemplate\":\"https:\\\/\\\/aqua-by.com\\\/?s={search_term_string}\"},\"query-input\":{\"@type\":\"PropertyValueSpecification\",\"valueRequired\":true,\"valueName\":\"search_term_string\"}}],\"inLanguage\":\"en-GB\"},{\"@type\":\"Organization\",\"@id\":\"https:\\\/\\\/aqua-by.com\\\/#organization\",\"name\":\"Aqua by\",\"url\":\"https:\\\/\\\/aqua-by.com\\\/\",\"logo\":{\"@type\":\"ImageObject\",\"inLanguage\":\"en-GB\",\"@id\":\"https:\\\/\\\/aqua-by.com\\\/#\\\/schema\\\/logo\\\/image\\\/\",\"url\":\"https:\\\/\\\/aqua-by.com\\\/wp-content\\\/uploads\\\/2018\\\/02\\\/logo-01-bleu-nuit.png\",\"contentUrl\":\"https:\\\/\\\/aqua-by.com\\\/wp-content\\\/uploads\\\/2018\\\/02\\\/logo-01-bleu-nuit.png\",\"width\":634,\"height\":325,\"caption\":\"Aqua by\"},\"image\":{\"@id\":\"https:\\\/\\\/aqua-by.com\\\/#\\\/schema\\\/logo\\\/image\\\/\"},\"sameAs\":[\"http:\\\/\\\/facebook.com\\\/aquaby\",\"http:\\\/\\\/instagram.com\\\/aqua_by\",\"https:\\\/\\\/fr.linkedin.com\\\/company\\\/aqua-by\",\"https:\\\/\\\/www.pinterest.fr\\\/aquabyparis\\\/\",\"https:\\\/\\\/www.youtube.com\\\/channel\\\/UC-loCTuRfFXbcg9QUJFVQRw\"]}]}<\/script>\n<!-- \/ Yoast SEO plugin. -->","yoast_head_json":{"title":"Thank you for choosing Choose x Aqua by for your purchase!","description":"Find your Aqua bike subscription or session pack purchased on Choose directly on the Aqua by website using your promo code.","robots":{"index":"noindex","follow":"nofollow"},"og_locale":"en_GB","og_type":"article","og_title":"Merci d'avoir choisi Choose x Aqua by pour votre achat !","og_description":"Retrouvez votre abonnement ou votre pack de s\u00e9ances d'aquabike achet\u00e9 sur Choose directement sur le site d'Aqua by gr\u00e2ce \u00e0 votre code promo.","og_url":"https:\/\/aqua-by.com\/en\/the-bradery-aqb\/","og_site_name":"Aqua by","article_publisher":"http:\/\/facebook.com\/aquaby","article_modified_time":"2026-01-15T16:49:42+00:00","twitter_card":"summary_large_image","twitter_misc":{"Estimated reading time":"1 minute"},"schema":{"@context":"https:\/\/schema.org","@graph":[{"@type":"WebPage","@id":"https:\/\/aqua-by.com\/the-bradery-aqb\/","url":"https:\/\/aqua-by.com\/the-bradery-aqb\/","name":"Thank you for choosing Choose x Aqua by for your purchase!","isPartOf":{"@id":"https:\/\/aqua-by.com\/#website"},"datePublished":"2024-05-24T12:21:09+00:00","dateModified":"2026-01-15T16:49:42+00:00","description":"Find your Aqua bike subscription or session pack purchased on Choose directly on the Aqua by website using your promo code.","breadcrumb":{"@id":"https:\/\/aqua-by.com\/the-bradery-aqb\/#breadcrumb"},"inLanguage":"en-GB","potentialAction":[{"@type":"ReadAction","target":["https:\/\/aqua-by.com\/the-bradery-aqb\/"]}]},{"@type":"BreadcrumbList","@id":"https:\/\/aqua-by.com\/the-bradery-aqb\/#breadcrumb","itemListElement":[{"@type":"ListItem","position":1,"name":"Accueil","item":"https:\/\/aqua-by.com\/"},{"@type":"ListItem","position":2,"name":"The Bradery x Aqua by"}]},{"@type":"WebSite","@id":"https:\/\/aqua-by.com\/#website","url":"https:\/\/aqua-by.com\/","name":"Aqua by","description":"Aquabiking in a different way","publisher":{"@id":"https:\/\/aqua-by.com\/#organization"},"potentialAction":[{"@type":"SearchAction","target":{"@type":"EntryPoint","urlTemplate":"https:\/\/aqua-by.com\/?s={search_term_string}"},"query-input":{"@type":"PropertyValueSpecification","valueRequired":true,"valueName":"search_term_string"}}],"inLanguage":"en-GB"},{"@type":"Organization","@id":"https:\/\/aqua-by.com\/#organization","name":"Aqua by","url":"https:\/\/aqua-by.com\/","logo":{"@type":"ImageObject","inLanguage":"en-GB","@id":"https:\/\/aqua-by.com\/#\/schema\/logo\/image\/","url":"https:\/\/aqua-by.com\/wp-content\/uploads\/2018\/02\/logo-01-bleu-nuit.png","contentUrl":"https:\/\/aqua-by.com\/wp-content\/uploads\/2018\/02\/logo-01-bleu-nuit.png","width":634,"height":325,"caption":"Aqua by"},"image":{"@id":"https:\/\/aqua-by.com\/#\/schema\/logo\/image\/"},"sameAs":["http:\/\/facebook.com\/aquaby","http:\/\/instagram.com\/aqua_by","https:\/\/fr.linkedin.com\/company\/aqua-by","https:\/\/www.pinterest.fr\/aquabyparis\/","https:\/\/www.youtube.com\/channel\/UC-loCTuRfFXbcg9QUJFVQRw"]}]}},"publishpress_future_action":{"enabled":false,"date":"2026-05-09 04:40:50","action":"change-status","newStatus":"draft","terms":[],"taxonomy":"","extraData":[]},"publishpress_future_workflow_manual_trigger":{"enabledWorkflows":[]},"_links":{"self":[{"href":"https:\/\/aqua-by.com\/en\/wp-json\/wp\/v2\/pages\/26925","targetHints":{"allow":["GET"]}}],"collection":[{"href":"https:\/\/aqua-by.com\/en\/wp-json\/wp\/v2\/pages"}],"about":[{"href":"https:\/\/aqua-by.com\/en\/wp-json\/wp\/v2\/types\/page"}],"author":[{"embeddable":true,"href":"https:\/\/aqua-by.com\/en\/wp-json\/wp\/v2\/users\/25"}],"replies":[{"embeddable":true,"href":"https:\/\/aqua-by.com\/en\/wp-json\/wp\/v2\/comments?post=26925"}],"version-history":[{"count":3,"href":"https:\/\/aqua-by.com\/en\/wp-json\/wp\/v2\/pages\/26925\/revisions"}],"predecessor-version":[{"id":31299,"href":"https:\/\/aqua-by.com\/en\/wp-json\/wp\/v2\/pages\/26925\/revisions\/31299"}],"wp:attachment":[{"href":"https:\/\/aqua-by.com\/en\/wp-json\/wp\/v2\/media?parent=26925"}],"curies":[{"name":"wp","href":"https:\/\/api.w.org\/{rel}","templated":true}]}}