{"id":2024,"date":"2018-06-04T15:52:21","date_gmt":"2018-06-04T13:52:21","guid":{"rendered":"https:\/\/aqua-by.com\/?page_id=2024"},"modified":"2021-07-29T17:25:20","modified_gmt":"2021-07-29T15:25:20","slug":"pregnant-aquabike","status":"publish","type":"page","link":"https:\/\/aqua-by.com\/en\/pregnant-aquabike\/","title":{"rendered":"Aquabiking pregnant woman"},"content":{"rendered":"<h1 style=\"text-align: left;\"><span style=\"font-size: 16px; color: #343a5b;\"><i><span style=\"font-weight: 400;\">You are sporty or want to take up (or return to) sport even though you are<br \/>\n<\/span><\/i><\/span><span style=\"color: #343a5b;\"><i><span style=\"font-size: 16px; font-weight: 400;\">pregnant ? Discover the benefits of aquabiking and what sports to practice during your pregnancy!<\/span><\/i><\/span><\/h1>\n<h3 style=\"text-align: left;\"><span style=\"font-size: 12pt;\"><b>Can I exercise while pregnant and what are the benefits?<\/b><\/span><\/h3>\n<p style=\"text-align: left;\"><b><br \/>\n<\/b><span style=\"color: #343a5b;\"><span style=\"font-weight: 300;\">Playing sports when you are pregnant is <\/span><b>even recommended<\/b><span style=\"font-weight: 300;\"> ! <\/span><span style=\"font-weight: 300;\">Gentle and regular sporting activity improves your metabolism while allowing you to <\/span><b>keep your spirits up and relieve your daily worries<\/b><span style=\"font-weight: 300;\"> !<\/span><\/span><\/p>\n<h3 style=\"text-align: left;\"><span style=\"font-size: 12pt;\"><b>Is it dangerous for the baby?<\/b><\/span><\/h3>\n<p style=\"text-align: left;\"><b><br \/>\n<\/b><span style=\"color: #343a5b;\"><span style=\"font-weight: 300;\">It is important to talk to your gynecologist before starting, as each pregnancy is unique and requires special attention. There may be contraindications to practicing sports when you are pregnant in very specific cases. <\/span><span style=\"font-weight: 300;\">: opening of the cervix, high blood pressure, etc. In addition, it is often advisable to<\/span><b>wait until the 3rd month of pregnancy<\/b><span style=\"font-weight: 300;\"> to start or resume a sporting activity. \u00a0<\/span><\/span><\/p>\n<p style=\"text-align: left;\"><span style=\"color: #343a5b;\"><span style=\"font-weight: 300;\">Practicing a sporting activity during pregnancy can<\/span><b> also help you, <\/b><span style=\"font-weight: 300;\">for example, with yoga, you will learn to breathe properly which will help you open your rib cage to free up space for your baby.<\/span><\/span><\/p>\n<h3 style=\"text-align: left;\"><span style=\"font-size: 12pt;\"><b>At what pace should you train?<\/b><\/span><\/h3>\n<p style=\"text-align: left;\"><b><br \/>\n<\/b><span style=\"color: #343a5b;\"><span style=\"font-weight: 300;\">It all depends on your usual pace, whether you were a great athlete or not. The main thing is to<\/span><b>be regular<\/b><span style=\"font-weight: 300;\">, you can do one session or two sessions per week but of course, without forcing too much!<\/span><\/span><\/p>\n<h3 style=\"text-align: left;\"><b><span style=\"font-size: 12pt;\">Aquabiking, the perfect sport during pregnancy!<\/span><br \/>\n<\/b><\/h3>\n<p style=\"text-align: left;\"><span style=\"color: #343a5b;\"><em><span style=\"font-weight: 300;\">Aquabiking is particularly effective for erasing orange peel skin, combating heavy legs and burning off as many calories as possible while taking care of your baby.<\/span><\/em><\/span><\/p>\n<p style=\"text-align: left;\"><span style=\"font-weight: 300; color: #343a5b;\">At Aqua by, aquabiking is practiced in small groups, on a bike immersed in a pool. The fact of being\u00a0<strong>submerged up to the waist<\/strong>\u00a0allows you, thanks to the principle of gravity of water, to perform more movements than in the open air. <strong>Our coaches, professionals and specially trained for this activity<\/strong>, guide you throughout the session. Indeed, the cardio training phase is less intensive and the exercises are adapted (no abs, shorter cardio sessions, etc.). All aquabiking sessions are open to pregnant women and our studios are open all week from 8 a.m. to 10 p.m. and on weekends from 10 a.m. to 7 p.m.<\/span><\/p>\n<p style=\"text-align: left;\"><span style=\"font-weight: 300; color: #343a5b;\">If you have any questions, do not hesitate to call us or come see us directly!\u00a0<\/span><\/p>\n<h3 style=\"text-align: left;\"><span style=\"font-size: 12pt;\"><b>What other sports can I practice?<\/b><\/span><\/h3>\n<p style=\"text-align: left;\"><b><br \/>\n<\/b><span style=\"color: #343a5b;\"><span style=\"font-weight: 300;\">The key word: avoid violent sports which could lead to falls and blows. THE <\/span><b>water sports<\/b> <b>are particularly recommended<\/b><span style=\"font-weight: 300;\">, once immersed in water, our body only represents a third of its weight, which facilitates all movements.<\/span><\/span><\/p>\n<p style=\"text-align: left;\"><span style=\"color: #343a5b;\"><span style=\"font-weight: 300;\"> Here are some sports that we recommend:<\/span><span style=\"font-weight: 300;\"><br \/>\n<\/span><span style=\"font-weight: 300;\">- there <\/span><a href=\"https:\/\/aqua-by.com\/en\/paris-swimming-pools\/\">swimming<\/a><span style=\"font-weight: 300;\"> to work your entire body gently,<\/span><span style=\"font-weight: 300;\"><br \/>\n<\/span><span style=\"font-weight: 300;\">\u2013 <a href=\"https:\/\/aqua-by.com\/en\/what-are-the-benefits-of-water-aerobics-for-your-body\/\">L&#039;<\/a><\/span><a href=\"https:\/\/aqua-by.com\/en\/aquagym-for-beginners\/\">water aerobics<\/a><span style=\"font-weight: 300;\"> to work the arms, the back, and promote relaxation,<\/span><span style=\"font-weight: 400;\"><br \/>\n<\/span><span style=\"font-weight: 300;\">- there <\/span><b>walk<\/b><span style=\"font-weight: 300;\"> to strengthen your glutes and thighs, <\/span><span style=\"font-weight: 300;\"><br \/>\n<\/span><span style=\"font-weight: 300;\">- THE<\/span> <a href=\"https:\/\/aqua-by.com\/en\/yoga-studios-paris\/\">yoga<\/a><span style=\"font-weight: 300;\"> to learn to breathe better and strengthen your perineum.<\/span><\/span><\/p>","protected":false},"excerpt":{"rendered":"<p>Vous \u00eates sportive ou voulez vous mettre (ou remettre) au sport alors que vous \u00eates enceinte ? D\u00e9couvrez les bienfaits de l&rsquo;aquabiking et quels sports pratiquer durant votre grossesse ! Puis-je faire du sport enceinte et quels sont les bienfaits ? Pratiquer du sport enceinte est m\u00eame recommand\u00e9 ! Une activit\u00e9 sportive douce et r\u00e9guli\u00e8re [&hellip;]<\/p>\n","protected":false},"author":1,"featured_media":0,"parent":0,"menu_order":0,"comment_status":"closed","ping_status":"closed","template":"","meta":{"_acf_changed":false,"footnotes":""},"class_list":["post-2024","page","type-page","status-publish","hentry"],"acf":[],"yoast_head":"<!-- This site is optimized with the Yoast SEO plugin v27.5 - https:\/\/yoast.com\/product\/yoast-seo-wordpress\/ -->\n<title>Gardez la forme m\u00eame enceinte en pratiquant du sport !<\/title>\n<meta name=\"description\" content=\"Voulez vous mettre au sport alors que vous \u00eates enceinte ? D\u00e9couvrez les bienfaits de l\u2019aquabiking et quels sports pratiquer durant votre grossesse !\" \/>\n<meta name=\"robots\" content=\"index, follow, max-snippet:-1, max-image-preview:large, max-video-preview:-1\" \/>\n<link rel=\"canonical\" href=\"https:\/\/aqua-by.com\/en\/wp-json\/wp\/v2\/pages\/2024\" \/>\n<meta property=\"og:locale\" content=\"en_GB\" \/>\n<meta property=\"og:type\" content=\"article\" \/>\n<meta property=\"og:title\" content=\"Gardez la forme m\u00eame enceinte en pratiquant du sport !\" \/>\n<meta property=\"og:description\" content=\"Voulez vous mettre au sport alors que vous \u00eates enceinte ? D\u00e9couvrez les bienfaits de l\u2019aquabiking et quels sports pratiquer durant votre grossesse !\" \/>\n<meta property=\"og:url\" content=\"http:\/\/no-canonical\" \/>\n<meta property=\"og:site_name\" content=\"Aqua by\" \/>\n<meta property=\"article:publisher\" content=\"http:\/\/facebook.com\/aquaby\" \/>\n<meta property=\"article:modified_time\" content=\"2021-07-29T15:25:20+00:00\" \/>\n<meta name=\"twitter:card\" content=\"summary_large_image\" \/>\n<meta name=\"twitter:label1\" content=\"Estimated reading time\" \/>\n\t<meta name=\"twitter:data1\" content=\"3 minutes\" \/>\n<script type=\"application\/ld+json\" class=\"yoast-schema-graph\">{\"@context\":\"https:\\\/\\\/schema.org\",\"@graph\":[{\"@type\":\"WebPage\",\"@id\":\"https:\\\/\\\/aqua-by.com\\\/aquabike-enceinte\\\/\",\"url\":\"http:\\\/\\\/no-canonical\",\"name\":\"Gardez la forme m\u00eame enceinte en pratiquant du sport !\",\"isPartOf\":{\"@id\":\"https:\\\/\\\/aqua-by.com\\\/#website\"},\"datePublished\":\"2018-06-04T13:52:21+00:00\",\"dateModified\":\"2021-07-29T15:25:20+00:00\",\"description\":\"Voulez vous mettre au sport alors que vous \u00eates enceinte ? D\u00e9couvrez les bienfaits de l\u2019aquabiking et quels sports pratiquer durant votre grossesse !\",\"breadcrumb\":{\"@id\":\"http:\\\/\\\/no-canonical#breadcrumb\"},\"inLanguage\":\"en-GB\",\"potentialAction\":[{\"@type\":\"ReadAction\",\"target\":[\"http:\\\/\\\/no-canonical\"]}]},{\"@type\":\"BreadcrumbList\",\"@id\":\"http:\\\/\\\/no-canonical#breadcrumb\",\"itemListElement\":[{\"@type\":\"ListItem\",\"position\":1,\"name\":\"Accueil\",\"item\":\"https:\\\/\\\/aqua-by.com\\\/\"},{\"@type\":\"ListItem\",\"position\":2,\"name\":\"Aquabiking femme enceinte\"}]},{\"@type\":\"WebSite\",\"@id\":\"https:\\\/\\\/aqua-by.com\\\/#website\",\"url\":\"https:\\\/\\\/aqua-by.com\\\/\",\"name\":\"Aqua by\",\"description\":\"L&#039;aquabiking autrement\",\"publisher\":{\"@id\":\"https:\\\/\\\/aqua-by.com\\\/#organization\"},\"potentialAction\":[{\"@type\":\"SearchAction\",\"target\":{\"@type\":\"EntryPoint\",\"urlTemplate\":\"https:\\\/\\\/aqua-by.com\\\/?s={search_term_string}\"},\"query-input\":{\"@type\":\"PropertyValueSpecification\",\"valueRequired\":true,\"valueName\":\"search_term_string\"}}],\"inLanguage\":\"en-GB\"},{\"@type\":\"Organization\",\"@id\":\"https:\\\/\\\/aqua-by.com\\\/#organization\",\"name\":\"Aqua by\",\"url\":\"https:\\\/\\\/aqua-by.com\\\/\",\"logo\":{\"@type\":\"ImageObject\",\"inLanguage\":\"en-GB\",\"@id\":\"https:\\\/\\\/aqua-by.com\\\/#\\\/schema\\\/logo\\\/image\\\/\",\"url\":\"https:\\\/\\\/aqua-by.com\\\/wp-content\\\/uploads\\\/2018\\\/02\\\/logo-01-bleu-nuit.png\",\"contentUrl\":\"https:\\\/\\\/aqua-by.com\\\/wp-content\\\/uploads\\\/2018\\\/02\\\/logo-01-bleu-nuit.png\",\"width\":634,\"height\":325,\"caption\":\"Aqua by\"},\"image\":{\"@id\":\"https:\\\/\\\/aqua-by.com\\\/#\\\/schema\\\/logo\\\/image\\\/\"},\"sameAs\":[\"http:\\\/\\\/facebook.com\\\/aquaby\",\"http:\\\/\\\/instagram.com\\\/aqua_by\",\"https:\\\/\\\/fr.linkedin.com\\\/company\\\/aqua-by\",\"https:\\\/\\\/www.pinterest.fr\\\/aquabyparis\\\/\",\"https:\\\/\\\/www.youtube.com\\\/channel\\\/UC-loCTuRfFXbcg9QUJFVQRw\"]}]}<\/script>\n<!-- \/ Yoast SEO plugin. -->","yoast_head_json":{"title":"Stay fit even when pregnant by practising sport!","description":"Do you want to do some exercise while you're pregnant? Discover the benefits of aquabiking and which sports to practice during your pregnancy!","robots":{"index":"index","follow":"follow","max-snippet":"max-snippet:-1","max-image-preview":"max-image-preview:large","max-video-preview":"max-video-preview:-1"},"canonical":"https:\/\/aqua-by.com\/en\/wp-json\/wp\/v2\/pages\/2024","og_locale":"en_GB","og_type":"article","og_title":"Gardez la forme m\u00eame enceinte en pratiquant du sport !","og_description":"Voulez vous mettre au sport alors que vous \u00eates enceinte ? D\u00e9couvrez les bienfaits de l\u2019aquabiking et quels sports pratiquer durant votre grossesse !","og_url":"http:\/\/no-canonical","og_site_name":"Aqua by","article_publisher":"http:\/\/facebook.com\/aquaby","article_modified_time":"2021-07-29T15:25:20+00:00","twitter_card":"summary_large_image","twitter_misc":{"Estimated reading time":"3 minutes"},"schema":{"@context":"https:\/\/schema.org","@graph":[{"@type":"WebPage","@id":"https:\/\/aqua-by.com\/aquabike-enceinte\/","url":"http:\/\/no-canonical","name":"Stay fit even when pregnant by practising sport!","isPartOf":{"@id":"https:\/\/aqua-by.com\/#website"},"datePublished":"2018-06-04T13:52:21+00:00","dateModified":"2021-07-29T15:25:20+00:00","description":"Do you want to do some exercise while you're pregnant? Discover the benefits of aquabiking and which sports to practice during your pregnancy!","breadcrumb":{"@id":"http:\/\/no-canonical#breadcrumb"},"inLanguage":"en-GB","potentialAction":[{"@type":"ReadAction","target":["http:\/\/no-canonical"]}]},{"@type":"BreadcrumbList","@id":"http:\/\/no-canonical#breadcrumb","itemListElement":[{"@type":"ListItem","position":1,"name":"Accueil","item":"https:\/\/aqua-by.com\/"},{"@type":"ListItem","position":2,"name":"Aquabiking femme enceinte"}]},{"@type":"WebSite","@id":"https:\/\/aqua-by.com\/#website","url":"https:\/\/aqua-by.com\/","name":"Aqua by","description":"Aquabiking in a different way","publisher":{"@id":"https:\/\/aqua-by.com\/#organization"},"potentialAction":[{"@type":"SearchAction","target":{"@type":"EntryPoint","urlTemplate":"https:\/\/aqua-by.com\/?s={search_term_string}"},"query-input":{"@type":"PropertyValueSpecification","valueRequired":true,"valueName":"search_term_string"}}],"inLanguage":"en-GB"},{"@type":"Organization","@id":"https:\/\/aqua-by.com\/#organization","name":"Aqua by","url":"https:\/\/aqua-by.com\/","logo":{"@type":"ImageObject","inLanguage":"en-GB","@id":"https:\/\/aqua-by.com\/#\/schema\/logo\/image\/","url":"https:\/\/aqua-by.com\/wp-content\/uploads\/2018\/02\/logo-01-bleu-nuit.png","contentUrl":"https:\/\/aqua-by.com\/wp-content\/uploads\/2018\/02\/logo-01-bleu-nuit.png","width":634,"height":325,"caption":"Aqua by"},"image":{"@id":"https:\/\/aqua-by.com\/#\/schema\/logo\/image\/"},"sameAs":["http:\/\/facebook.com\/aquaby","http:\/\/instagram.com\/aqua_by","https:\/\/fr.linkedin.com\/company\/aqua-by","https:\/\/www.pinterest.fr\/aquabyparis\/","https:\/\/www.youtube.com\/channel\/UC-loCTuRfFXbcg9QUJFVQRw"]}]}},"publishpress_future_action":{"enabled":false,"date":"2026-05-07 20:02:06","action":"change-status","newStatus":"draft","terms":[],"taxonomy":"","extraData":[]},"publishpress_future_workflow_manual_trigger":{"enabledWorkflows":[]},"_links":{"self":[{"href":"https:\/\/aqua-by.com\/en\/wp-json\/wp\/v2\/pages\/2024","targetHints":{"allow":["GET"]}}],"collection":[{"href":"https:\/\/aqua-by.com\/en\/wp-json\/wp\/v2\/pages"}],"about":[{"href":"https:\/\/aqua-by.com\/en\/wp-json\/wp\/v2\/types\/page"}],"author":[{"embeddable":true,"href":"https:\/\/aqua-by.com\/en\/wp-json\/wp\/v2\/users\/1"}],"replies":[{"embeddable":true,"href":"https:\/\/aqua-by.com\/en\/wp-json\/wp\/v2\/comments?post=2024"}],"version-history":[{"count":0,"href":"https:\/\/aqua-by.com\/en\/wp-json\/wp\/v2\/pages\/2024\/revisions"}],"wp:attachment":[{"href":"https:\/\/aqua-by.com\/en\/wp-json\/wp\/v2\/media?parent=2024"}],"curies":[{"name":"wp","href":"https:\/\/api.w.org\/{rel}","templated":true}]}}