{"id":14590,"date":"2021-07-20T10:20:25","date_gmt":"2021-07-20T08:20:25","guid":{"rendered":"https:\/\/aqua-by.com\/?page_id=14590"},"modified":"2024-04-17T16:32:44","modified_gmt":"2024-04-17T14:32:44","slug":"planning-mederic","status":"publish","type":"page","link":"https:\/\/aqua-by.com\/en\/planning-mederic\/","title":{"rendered":"Planning M\u00e9d\u00e9ric"},"content":{"rendered":"\t\t<div data-elementor-type=\"wp-page\" data-elementor-id=\"14590\" class=\"elementor elementor-14590\" data-elementor-post-type=\"page\">\n\t\t\t\t\t\t<section class=\"elementor-section elementor-top-section elementor-element elementor-element-2fb0e79 elementor-section-boxed elementor-section-height-default elementor-section-height-default\" data-id=\"2fb0e79\" data-element_type=\"section\" data-e-type=\"section\">\n\t\t\t\t\t\t<div class=\"elementor-container elementor-column-gap-default\">\n\t\t\t\t\t<div class=\"elementor-column elementor-col-100 elementor-top-column elementor-element elementor-element-57c52d1\" data-id=\"57c52d1\" data-element_type=\"column\" data-e-type=\"column\">\n\t\t\t<div class=\"elementor-widget-wrap elementor-element-populated\">\n\t\t\t\t\t\t<div class=\"elementor-element elementor-element-1bd258c elementor-widget elementor-widget-heading\" data-id=\"1bd258c\" data-element_type=\"widget\" data-e-type=\"widget\" data-widget_type=\"heading.default\">\n\t\t\t\t<div class=\"elementor-widget-container\">\n\t\t\t\t\t<h1 class=\"elementor-heading-title elementor-size-default\">R\u00e9servez votre prochaine s\u00e9ance<br>avec M\u00e9d\u00e9ric<br>\n______<br><\/h1>\t\t\t\t<\/div>\n\t\t\t\t<\/div>\n\t\t\t\t\t<\/div>\n\t\t<\/div>\n\t\t\t\t\t<\/div>\n\t\t<\/section>\n\t\t<div class=\"elementor-element elementor-element-40ff1fc e-flex e-con-boxed e-con e-parent\" data-id=\"40ff1fc\" data-element_type=\"container\" data-e-type=\"container\">\n\t\t\t\t\t<div class=\"e-con-inner\">\n\t\t\t\t<div class=\"elementor-element elementor-element-b8be112 elementor-widget elementor-widget-html\" data-id=\"b8be112\" data-element_type=\"widget\" data-e-type=\"widget\" data-widget_type=\"html.default\">\n\t\t\t\t<div class=\"elementor-widget-container\">\n\t\t\t\t\t<script id=\"insert-bsport-widget-cdn\">!function (b, s, p, o, r, t) { !typeof window.BsportWidget !== \"undefined\" && !document.getElementById(\"bsport-widget-cdn\") && !function () { m = b.createElement(s), m.id = \"bsport-widget-cdn\", m.src = p, b.getElementsByTagName(\"head\")[0].appendChild(m) }() }(document, \"script\", \"https:\/\/cdn.bsport.io\/scripts\/widget.js\")<\/script>\r\n    <script id=\"bsport-widget-mount\">\r\n        function MountBsportWidget(config, repeat=1) {\r\n            if (repeat > 50) { return }\r\n            if (!window.BsportWidget) {\r\n                return setTimeout(() => {\r\n                    MountBsportWidget(config,repeat+1)\r\n                }, 100 * repeat || 1)\r\n            }\r\n            BsportWidget.mount(config)\r\n        }\r\n    <\/script>\r\n    <script>\r\n        MountBsportWidget({\r\n                \"parentElement\": \"bsport-widget-302137\",\r\n                \"companyId\": 2444,\r\n                \"franchiseId\": null,\r\n                \"dialogMode\": 1,\r\n                \"widgetType\": \"calendar\", \r\n                \"showFab\": false,\r\n                \"fullScreenPopup\": false,\r\n                \"styles\":undefined,\r\n                \"config\": {\r\n                    \"calendar\": {                \"coaches\": [\r\n                    960\r\n                ]}\r\n                }  \r\n            })\r\n    <\/script>\r\n<div><div id=\"bsport-widget-302137\"\/><\/div>\t\t\t\t<\/div>\n\t\t\t\t<\/div>\n\t\t\t\t\t<\/div>\n\t\t\t\t<\/div>\n\t\t\t\t<\/div>\n\t\t","protected":false},"excerpt":{"rendered":"<p>R\u00e9servez votre prochaine s\u00e9anceavec M\u00e9d\u00e9ric ______<\/p>","protected":false},"author":25,"featured_media":0,"parent":0,"menu_order":0,"comment_status":"closed","ping_status":"closed","template":"elementor_header_footer","meta":{"_acf_changed":false,"footnotes":""},"class_list":["post-14590","page","type-page","status-publish","hentry"],"acf":[],"yoast_head":"<!-- This site is optimized with the Yoast SEO plugin v27.3 - https:\/\/yoast.com\/product\/yoast-seo-wordpress\/ -->\n<title>R\u00e9servez votre prochaine s\u00e9ance d&#039;aquabike avec Adil<\/title>\n<meta name=\"description\" content=\"Vous souhaitez r\u00e9server votre prochaine s\u00e9ance d&#039;aquabike en plein c\u0153ur de Paris avec Adil ? Vous \u00eates au bon endroit, cliquez juste ici !\" \/>\n<meta name=\"robots\" content=\"index, follow, max-snippet:-1, max-image-preview:large, max-video-preview:-1\" \/>\n<link rel=\"canonical\" href=\"https:\/\/aqua-by.com\/en\/planning-mederic\/\" \/>\n<meta property=\"og:locale\" content=\"en_GB\" \/>\n<meta property=\"og:type\" content=\"article\" \/>\n<meta property=\"og:title\" content=\"R\u00e9servez votre prochaine s\u00e9ance d&#039;aquabike avec Adil\" \/>\n<meta property=\"og:description\" content=\"Vous souhaitez r\u00e9server votre prochaine s\u00e9ance d&#039;aquabike en plein c\u0153ur de Paris avec Adil ? Vous \u00eates au bon endroit, cliquez juste ici !\" \/>\n<meta property=\"og:url\" content=\"https:\/\/aqua-by.com\/en\/planning-mederic\/\" \/>\n<meta property=\"og:site_name\" content=\"Aqua by\" \/>\n<meta property=\"article:publisher\" content=\"http:\/\/facebook.com\/aquaby\" \/>\n<meta property=\"article:modified_time\" content=\"2024-04-17T14:32:44+00:00\" \/>\n<meta name=\"twitter:card\" content=\"summary_large_image\" \/>\n<meta name=\"twitter:label1\" content=\"Estimated reading time\" \/>\n\t<meta name=\"twitter:data1\" content=\"1 minute\" \/>\n<script type=\"application\/ld+json\" class=\"yoast-schema-graph\">{\"@context\":\"https:\\\/\\\/schema.org\",\"@graph\":[{\"@type\":\"WebPage\",\"@id\":\"https:\\\/\\\/aqua-by.com\\\/planning-mederic\\\/\",\"url\":\"https:\\\/\\\/aqua-by.com\\\/planning-mederic\\\/\",\"name\":\"R\u00e9servez votre prochaine s\u00e9ance d'aquabike avec Adil\",\"isPartOf\":{\"@id\":\"https:\\\/\\\/aqua-by.com\\\/#website\"},\"datePublished\":\"2021-07-20T08:20:25+00:00\",\"dateModified\":\"2024-04-17T14:32:44+00:00\",\"description\":\"Vous souhaitez r\u00e9server votre prochaine s\u00e9ance d'aquabike en plein c\u0153ur de Paris avec Adil ? Vous \u00eates au bon endroit, cliquez juste ici !\",\"breadcrumb\":{\"@id\":\"https:\\\/\\\/aqua-by.com\\\/planning-mederic\\\/#breadcrumb\"},\"inLanguage\":\"en-GB\",\"potentialAction\":[{\"@type\":\"ReadAction\",\"target\":[\"https:\\\/\\\/aqua-by.com\\\/planning-mederic\\\/\"]}]},{\"@type\":\"BreadcrumbList\",\"@id\":\"https:\\\/\\\/aqua-by.com\\\/planning-mederic\\\/#breadcrumb\",\"itemListElement\":[{\"@type\":\"ListItem\",\"position\":1,\"name\":\"Accueil\",\"item\":\"https:\\\/\\\/aqua-by.com\\\/\"},{\"@type\":\"ListItem\",\"position\":2,\"name\":\"Planning M\u00e9d\u00e9ric\"}]},{\"@type\":\"WebSite\",\"@id\":\"https:\\\/\\\/aqua-by.com\\\/#website\",\"url\":\"https:\\\/\\\/aqua-by.com\\\/\",\"name\":\"Aqua by\",\"description\":\"L&#039;aquabiking autrement\",\"publisher\":{\"@id\":\"https:\\\/\\\/aqua-by.com\\\/#organization\"},\"potentialAction\":[{\"@type\":\"SearchAction\",\"target\":{\"@type\":\"EntryPoint\",\"urlTemplate\":\"https:\\\/\\\/aqua-by.com\\\/?s={search_term_string}\"},\"query-input\":{\"@type\":\"PropertyValueSpecification\",\"valueRequired\":true,\"valueName\":\"search_term_string\"}}],\"inLanguage\":\"en-GB\"},{\"@type\":\"Organization\",\"@id\":\"https:\\\/\\\/aqua-by.com\\\/#organization\",\"name\":\"Aqua by\",\"url\":\"https:\\\/\\\/aqua-by.com\\\/\",\"logo\":{\"@type\":\"ImageObject\",\"inLanguage\":\"en-GB\",\"@id\":\"https:\\\/\\\/aqua-by.com\\\/#\\\/schema\\\/logo\\\/image\\\/\",\"url\":\"https:\\\/\\\/aqua-by.com\\\/wp-content\\\/uploads\\\/2018\\\/02\\\/logo-01-bleu-nuit.png\",\"contentUrl\":\"https:\\\/\\\/aqua-by.com\\\/wp-content\\\/uploads\\\/2018\\\/02\\\/logo-01-bleu-nuit.png\",\"width\":634,\"height\":325,\"caption\":\"Aqua by\"},\"image\":{\"@id\":\"https:\\\/\\\/aqua-by.com\\\/#\\\/schema\\\/logo\\\/image\\\/\"},\"sameAs\":[\"http:\\\/\\\/facebook.com\\\/aquaby\",\"http:\\\/\\\/instagram.com\\\/aqua_by\",\"https:\\\/\\\/fr.linkedin.com\\\/company\\\/aqua-by\",\"https:\\\/\\\/www.pinterest.fr\\\/aquabyparis\\\/\",\"https:\\\/\\\/www.youtube.com\\\/channel\\\/UC-loCTuRfFXbcg9QUJFVQRw\"]}]}<\/script>\n<!-- \/ Yoast SEO plugin. -->","yoast_head_json":{"title":"R\u00e9servez votre prochaine s\u00e9ance d'aquabike avec Adil","description":"Vous souhaitez r\u00e9server votre prochaine s\u00e9ance d'aquabike en plein c\u0153ur de Paris avec Adil ? Vous \u00eates au bon endroit, cliquez juste ici !","robots":{"index":"index","follow":"follow","max-snippet":"max-snippet:-1","max-image-preview":"max-image-preview:large","max-video-preview":"max-video-preview:-1"},"canonical":"https:\/\/aqua-by.com\/en\/planning-mederic\/","og_locale":"en_GB","og_type":"article","og_title":"R\u00e9servez votre prochaine s\u00e9ance d'aquabike avec Adil","og_description":"Vous souhaitez r\u00e9server votre prochaine s\u00e9ance d'aquabike en plein c\u0153ur de Paris avec Adil ? Vous \u00eates au bon endroit, cliquez juste ici !","og_url":"https:\/\/aqua-by.com\/en\/planning-mederic\/","og_site_name":"Aqua by","article_publisher":"http:\/\/facebook.com\/aquaby","article_modified_time":"2024-04-17T14:32:44+00:00","twitter_card":"summary_large_image","twitter_misc":{"Estimated reading time":"1 minute"},"schema":{"@context":"https:\/\/schema.org","@graph":[{"@type":"WebPage","@id":"https:\/\/aqua-by.com\/planning-mederic\/","url":"https:\/\/aqua-by.com\/planning-mederic\/","name":"R\u00e9servez votre prochaine s\u00e9ance d'aquabike avec Adil","isPartOf":{"@id":"https:\/\/aqua-by.com\/#website"},"datePublished":"2021-07-20T08:20:25+00:00","dateModified":"2024-04-17T14:32:44+00:00","description":"Vous souhaitez r\u00e9server votre prochaine s\u00e9ance d'aquabike en plein c\u0153ur de Paris avec Adil ? Vous \u00eates au bon endroit, cliquez juste ici !","breadcrumb":{"@id":"https:\/\/aqua-by.com\/planning-mederic\/#breadcrumb"},"inLanguage":"en-GB","potentialAction":[{"@type":"ReadAction","target":["https:\/\/aqua-by.com\/planning-mederic\/"]}]},{"@type":"BreadcrumbList","@id":"https:\/\/aqua-by.com\/planning-mederic\/#breadcrumb","itemListElement":[{"@type":"ListItem","position":1,"name":"Accueil","item":"https:\/\/aqua-by.com\/"},{"@type":"ListItem","position":2,"name":"Planning M\u00e9d\u00e9ric"}]},{"@type":"WebSite","@id":"https:\/\/aqua-by.com\/#website","url":"https:\/\/aqua-by.com\/","name":"Aqua by","description":"Aquabiking in a different way","publisher":{"@id":"https:\/\/aqua-by.com\/#organization"},"potentialAction":[{"@type":"SearchAction","target":{"@type":"EntryPoint","urlTemplate":"https:\/\/aqua-by.com\/?s={search_term_string}"},"query-input":{"@type":"PropertyValueSpecification","valueRequired":true,"valueName":"search_term_string"}}],"inLanguage":"en-GB"},{"@type":"Organization","@id":"https:\/\/aqua-by.com\/#organization","name":"Aqua by","url":"https:\/\/aqua-by.com\/","logo":{"@type":"ImageObject","inLanguage":"en-GB","@id":"https:\/\/aqua-by.com\/#\/schema\/logo\/image\/","url":"https:\/\/aqua-by.com\/wp-content\/uploads\/2018\/02\/logo-01-bleu-nuit.png","contentUrl":"https:\/\/aqua-by.com\/wp-content\/uploads\/2018\/02\/logo-01-bleu-nuit.png","width":634,"height":325,"caption":"Aqua by"},"image":{"@id":"https:\/\/aqua-by.com\/#\/schema\/logo\/image\/"},"sameAs":["http:\/\/facebook.com\/aquaby","http:\/\/instagram.com\/aqua_by","https:\/\/fr.linkedin.com\/company\/aqua-by","https:\/\/www.pinterest.fr\/aquabyparis\/","https:\/\/www.youtube.com\/channel\/UC-loCTuRfFXbcg9QUJFVQRw"]}]}},"publishpress_future_action":{"enabled":false,"date":"2026-04-14 16:10:27","action":"change-status","newStatus":"draft","terms":[],"taxonomy":"","extraData":[]},"publishpress_future_workflow_manual_trigger":{"enabledWorkflows":[]},"_links":{"self":[{"href":"https:\/\/aqua-by.com\/en\/wp-json\/wp\/v2\/pages\/14590","targetHints":{"allow":["GET"]}}],"collection":[{"href":"https:\/\/aqua-by.com\/en\/wp-json\/wp\/v2\/pages"}],"about":[{"href":"https:\/\/aqua-by.com\/en\/wp-json\/wp\/v2\/types\/page"}],"author":[{"embeddable":true,"href":"https:\/\/aqua-by.com\/en\/wp-json\/wp\/v2\/users\/25"}],"replies":[{"embeddable":true,"href":"https:\/\/aqua-by.com\/en\/wp-json\/wp\/v2\/comments?post=14590"}],"version-history":[{"count":3,"href":"https:\/\/aqua-by.com\/en\/wp-json\/wp\/v2\/pages\/14590\/revisions"}],"predecessor-version":[{"id":25763,"href":"https:\/\/aqua-by.com\/en\/wp-json\/wp\/v2\/pages\/14590\/revisions\/25763"}],"wp:attachment":[{"href":"https:\/\/aqua-by.com\/en\/wp-json\/wp\/v2\/media?parent=14590"}],"curies":[{"name":"wp","href":"https:\/\/api.w.org\/{rel}","templated":true}]}}